{"id":2656,"date":"2023-10-28T19:01:13","date_gmt":"2023-10-28T19:01:13","guid":{"rendered":"https:\/\/transportwiki.com\/?page_id=2656"},"modified":"2023-10-28T19:01:13","modified_gmt":"2023-10-28T19:01:13","slug":"datenschutzrichtlinie","status":"publish","type":"page","link":"https:\/\/transportwiki.com\/de\/datenschutzrichtlinie\/","title":{"rendered":"Datenschutzrichtlinie"},"content":{"rendered":"<h2>Sammlung von pers\u00f6nlichen Informationen und deren Zweck<\/h2>\n<p>Wenn Besucher auf unserer Website Kommentare hinterlassen, sammeln wir die im Kommentarformular angezeigten Daten sowie die IP-Adresse des Besuchers (gek\u00fcrzt und anonymisiert) und den User-Agent-String des Browsers, um die Erkennung von Spam zu unterst\u00fctzen.<\/p>\n<h3>Wohin Sie Ihre Anfragen richten k\u00f6nnen<\/h3>\n<p>Bei Fragen zur Datenschutzerkl\u00e4rung k\u00f6nnen Sie uns unter folgender Adresse kontaktieren: info@transportwiki.com<\/p>\n<p>Alle Informationen werden auf unseren <a href=\"https:\/\/www.ovh.es\/proteccion-datos-personales\/\" target=\"_blank\" rel=\"noopener noreferrer\">OVH<\/a>-Servern in Europa gespeichert und nicht mit Dritten geteilt.<\/p>\n<p>&nbsp;<\/p>\n<h2>Wem werden Ihre Daten mitgeteilt?<\/h2>\n<p>Um wesentliche Dienste f\u00fcr den Betrieb von transportwiki.com zu bieten, teilen wir Daten mit den folgenden Anbietern, gem\u00e4\u00df ihren jeweiligen Datenschutzrichtlinien:<\/p>\n<p><a href=\"https:\/\/www.google.es\/intl\/es\/analytics\/\" target=\"_blank\" rel=\"noopener noreferrer\">Google Analytics<\/a>: Wir verwenden Google Analytics mit der Option, das letzte Oktett der IP zu k\u00fcrzen, damit es auf den Google-Servern anonymisiert wird. Google Analytics ist ein Webanalyse-Dienst von Google, Inc., einem Unternehmen aus Delaware mit Sitz in 1600 Amphitheatre Parkway, Mountain View (Kalifornien), CA 94043, USA (&#8222;Google&#8220;).<\/p>\n<p>Google Analytics verwendet &#8222;Cookies&#8220;, das sind Textdateien, die auf Ihrem Computer gespeichert werden, um der Website transportwiki.com zu helfen, zu analysieren, wie die Benutzer die Website nutzen.<\/p>\n<p>Die durch das Cookie erzeugten Informationen \u00fcber Ihre Nutzung von transportwiki.com (einschlie\u00dflich Ihrer IP-Adresse) werden an Google \u00fcbermittelt und auf Servern in den USA gespeichert. Wenn Sie verhindern m\u00f6chten, dass Google Analytics Ihre Daten verwendet, k\u00f6nnen Sie <a href=\"https:\/\/tools.google.com\/dlpage\/gaoptout\" target=\"_blank\" rel=\"noopener noreferrer\">dieses Add-on<\/a> verwenden. Die Aufbewahrung von Benutzer- und Ereignisdaten in Google Analytics betr\u00e4gt: 14 Monate.<\/p>\n<p><a href=\"https:\/\/policies.google.com\/privacy\">Datenschutzrichtlinie von Google<\/a>.<\/p>\n<p><a href=\"https:\/\/www.google.es\/adsense\/\" target=\"_blank\" rel=\"noopener noreferrer\">Google AdSense<\/a>: Unsere Website bietet kostenlosen Inhalt durch das Werbesystem von Google Adsense. Wir entscheiden uns daf\u00fcr, KEINE PERSONALISIERTEN ANZEIGEN ZU SERVIEREN, SONDERN NUR KONTEXTBEZOGENE. Diese Art von Werbung verwendet auch essentielle Cookies, um die H\u00e4ufigkeit zu bestimmen und Betrug zu bek\u00e4mpfen.<\/p>\n<p>Auf transportwiki.com arbeiten wir mit Google AdSense (Google) zusammen, um Anzeigen f\u00fcr Benutzer anzuzeigen, die unsere Website besuchen. In Zusammenarbeit mit Google werden Cookies verwendet, um Anzeigen basierend auf den j\u00fcngsten Suchen des Benutzers anzuzeigen und relevantere Anzeigen vorzuschlagen.<\/p>\n<p>Diese Cookies beinhalten Dienste von Drittanbietern wie: AdSense, AdWords und Google Analytics sowie einige DoubleClick-Markendienste. Beim Besuch unserer Website senden diese Dienste Cookies an Ihren Browser. Erfahren Sie mehr \u00fcber die <a href=\"https:\/\/www.google.es\/intl\/es\/policies\/technologies\/types\/\" target=\"_blank\" rel=\"noopener noreferrer\">Arten von Cookies, die Google verwendet<\/a>, und dar\u00fcber, <a href=\"https:\/\/www.google.es\/intl\/es\/policies\/technologies\/cookies\/\" target=\"_blank\" rel=\"noopener noreferrer\">wie Google diese Cookies verwendet<\/a>.<\/p>\n<p>Denken Sie daran, dass Sie die <a href=\"https:\/\/adssettings.google.com\/authenticated?hl=es\" target=\"_blank\" rel=\"noopener noreferrer\">Anzeigeneinstellungen<\/a> verwenden k\u00f6nnen, um die Google-Anzeigen zu steuern, die Sie sehen m\u00f6chten und die Sie nicht m\u00f6chten, basierend auf Ihren Interessen. Selbst wenn Sie sich daf\u00fcr entscheiden, diese Art von Anzeigen nicht zu erhalten, k\u00f6nnen sie immer noch angezeigt werden, basierend auf Faktoren wie Ihrer allgemeinen Position, die von der IP-Adresse abgeleitet wird, dem Browsertyp und den j\u00fcngsten und vorherigen Suchen im Zusammenhang mit Ihrer aktuellen Suche.<\/p>\n<p>\u00dcber <a href=\"https:\/\/support.google.com\/adsense\/answer\/7549925?hl=es\">Google Adsense<\/a>.<\/p>\n<p><a href=\"https:\/\/policies.google.com\/technologies\/ads\">Datenschutzrichtlinie von Google Adsense<\/a>.<\/p>\n<p><a href=\"https:\/\/support.google.com\/adsense\/answer\/9012903\">Dritte, mit denen Google Ihre Daten teilt, wenn personalisierte Anzeigen verwendet werden<\/a>.<\/p>\n<p><a href=\"https:\/\/policies.google.com\/technologies\/partner-sites\">Datenverwaltung in Googles Werbeprodukten<\/a>.<\/p>\n<p><a href=\"https:\/\/adssettings.google.com\/\">Steuern Sie die Informationen, die Google verwendet, um Ihnen Anzeigen zu zeigen<\/a>.<\/p>\n<h2>Links zu externen Websites<\/h2>\n<p>Unsere Website kann Links zu anderen Websites enthalten, die f\u00fcr Sie von Interesse sein k\u00f6nnten. Sobald Sie jedoch auf diese Links klicken und unsere Seite verlassen, haben wir keine Kontrolle mehr \u00fcber die Website, zu der Sie weitergeleitet werden, und sind daher nicht verantwortlich f\u00fcr die Bedingungen oder den Datenschutz oder den Schutz Ihrer Daten auf diesen Drittseiten.<\/p>\n<p>Diese Websites unterliegen ihren eigenen Datenschutzrichtlinien, daher wird empfohlen, sie zu konsultieren, um sicherzustellen, dass Sie damit einverstanden sind.<\/p>\n<h2>Datenspeicherung<\/h2>\n<p>Wenn Sie einen Kommentar hinterlassen, werden der Kommentar und seine Metadaten auf unbestimmte Zeit aufbewahrt. Gleiches gilt f\u00fcr Anfragen, die \u00fcber das Kontaktformular gemacht werden. Dies erm\u00f6glicht es uns, nachfolgende Kommentare automatisch zu erkennen und zu genehmigen, anstatt sie in einer Moderationswarteschlange zu halten. Sie k\u00f6nnen jedoch jederzeit die L\u00f6schung Ihrer Daten verlangen.<\/p>\n<h2>Rechte an Ihren Daten<\/h2>\n<p>Wenn Sie Kommentare auf dieser Website hinterlassen haben, k\u00f6nnen Sie die \u00dcbersendung einer Exportdatei der pers\u00f6nlichen Daten, die wir \u00fcber Sie haben, einschlie\u00dflich aller Daten, die Sie uns zur Verf\u00fcgung gestellt haben, verlangen. Sie k\u00f6nnen auch verlangen, dass wir alle pers\u00f6nlichen Daten, die wir \u00fcber Sie haben, l\u00f6schen oder anonymisieren. Dies schlie\u00dft keine Daten ein, die wir aus administrativen, rechtlichen oder Sicherheitsgr\u00fcnden aufbewahren m\u00fcssen.<\/p>\n<h2>\u00c4nderungen an unserer Datenschutzerkl\u00e4rung<\/h2>\n<p>Wir behalten uns das Recht vor, diese Datenschutzerkl\u00e4rung jederzeit zu \u00e4ndern. Daher empfehlen wir Ihnen, sie regelm\u00e4\u00dfig zu \u00fcberpr\u00fcfen, um informiert zu bleiben.<\/p>\n<h2>Kontakt<\/h2>\n<p>Wenn Sie Fragen zu dieser Datenschutzerkl\u00e4rung oder zu den Daten haben, die wir \u00fcber Sie gespeichert haben, oder wenn Sie eines Ihrer Datenschutzrechte aus\u00fcben m\u00f6chten, k\u00f6nnen Sie uns gerne \u00fcber die folgende E-Mail-Adresse kontaktieren: info@transportwiki.com<\/p>\n<h2> IHRE RECHTE BEZ\u00dcGLICH DER VERARBEITUNG IHRER PERS\u00d6NLICHEN DATEN <\/h2>\n<p>Wie wir bereits erw\u00e4hnt haben, speichern wir keine pers\u00f6nlichen Daten. Sollten wir dies jedoch zu irgendeinem Zeitpunkt tun und gem\u00e4\u00df den geltenden Vorschriften, haben Sie eine Reihe von Rechten in Bezug auf die Erfassung und Verarbeitung Ihrer pers\u00f6nlichen Daten.<\/p>\n<p>Die Aus\u00fcbung dieser Rechte ist f\u00fcr Sie kostenlos, es sei denn, es werden offensichtlich unbegr\u00fcndete oder \u00fcberm\u00e4\u00dfige Anfragen gestellt, insbesondere wiederholte.<\/p>\n<p>Diese Rechte beinhalten:<\/p>\n<p>Recht auf Information: Sie haben das Recht, auf klare, transparente, verst\u00e4ndliche und leicht zug\u00e4ngliche Weise mit einfacher und klarer Sprache \u00fcber die Verwendung und Verarbeitung Ihrer pers\u00f6nlichen Daten informiert zu werden.<\/p>\n<p>Recht auf Zugang: Sie k\u00f6nnen uns jederzeit bitten, zu best\u00e4tigen, ob wir Ihre pers\u00f6nlichen Daten verarbeiten, Ihnen Zugang zu diesen und Informationen \u00fcber deren Verarbeitung zu gew\u00e4hren und eine Kopie dieser Daten zu erhalten. Die Kopie Ihrer pers\u00f6nlichen Daten, die wir Ihnen zur Verf\u00fcgung stellen, ist kostenlos. F\u00fcr zus\u00e4tzliche Kopien k\u00f6nnen jedoch angemessene Geb\u00fchren auf der Grundlage von Verwaltungskosten erhoben werden. Wir k\u00f6nnen Sie auch bitten, Ihre Identit\u00e4t nachzuweisen oder zus\u00e4tzliche Informationen anzugeben, die zur Bearbeitung Ihrer Anfrage erforderlich sind.<\/p>\n<p>Recht auf Berichtigung: Sie haben das Recht, die Berichtigung ungenauer, veralteter oder unvollst\u00e4ndiger Sie betreffender pers\u00f6nlicher Daten zu verlangen. Sie k\u00f6nnen auch verlangen, dass unvollst\u00e4ndige pers\u00f6nliche Daten vervollst\u00e4ndigt werden, auch durch eine zus\u00e4tzliche Erkl\u00e4rung.<\/p>\n<p>Recht auf L\u00f6schung \u2013 Recht auf Vergessenwerden: Sie haben das Recht, die L\u00f6schung Ihrer pers\u00f6nlichen Daten zu verlangen, wenn unter anderem und immer, wenn eine Verh\u00e4ltnism\u00e4\u00dfigkeitspr\u00fcfung durchgef\u00fchrt wird, die Daten nicht mehr f\u00fcr die Zwecke erforderlich sind, f\u00fcr die sie erhoben wurden, und es sich nicht um aktuelle Ereignisse handelt und das Informationsrecht \u00fcberwiegt.<\/p>\n<p>Recht auf Einschr\u00e4nkung der Verarbeitung: Sie haben das Recht, die Einschr\u00e4nkung der Verarbeitung Ihrer pers\u00f6nlichen Daten zu beantragen. Das bedeutet, dass wir sie weiterhin speichern k\u00f6nnen, sie aber nicht weiterverarbeiten d\u00fcrfen, wenn eine der folgenden Bedingungen erf\u00fcllt ist:<\/p>\n<ul>\n<li>Sie bestreiten die Richtigkeit der Daten und erlauben dem Verantwortlichen, deren Richtigkeit zu \u00fcberpr\u00fcfen; die Verarbeitung ist rechtswidrig und Sie widersetzen sich der L\u00f6schung der Daten und verlangen stattdessen die Einschr\u00e4nkung ihrer Nutzung;<\/li>\n<li>Sie haben der Verarbeitung widersprochen, w\u00e4hrend \u00fcberpr\u00fcft wird, ob die legitimen Gr\u00fcnde des Betreibers gegen\u00fcber Ihren Gr\u00fcnden \u00fcberwiegen.<\/li>\n<\/ul>\n<p>Recht auf Daten\u00fcbertragbarkeit: Sie haben das Recht, dass Ihre Daten in einem strukturierten, g\u00e4ngigen und maschinenlesbaren Format an einen anderen Datenverantwortlichen \u00fcbermittelt werden. Dieses Recht gilt, wenn die Verarbeitung Ihrer pers\u00f6nlichen Daten auf Einwilligung oder auf einem Vertrag beruht und die Verarbeitung automatisiert erfolgt.<\/p>\n<p>Widerspruchsrecht: Dieses Recht erm\u00f6glicht es Ihnen, der Verarbeitung Ihrer pers\u00f6nlichen Daten zu widersprechen, einschlie\u00dflich der Erstellung von Profilen. Wir k\u00f6nnen Ihrem Recht nicht nachkommen, es sei denn, wir weisen zwingende legitime Gr\u00fcnde f\u00fcr die Verarbeitung nach oder es geht um die Geltendmachung, Aus\u00fcbung oder Verteidigung von Rechtsanspr\u00fcchen.<\/p>\n<p>Recht, die Einwilligung zu widerrufen: In F\u00e4llen, in denen wir Ihre Einwilligung zur Verarbeitung Ihrer pers\u00f6nlichen Daten f\u00fcr bestimmte T\u00e4tigkeiten (z.B. zum Versand von Werbeinformationen) eingeholt haben, k\u00f6nnen Sie diese jederzeit widerrufen.<\/p>\n<p>Recht, eine Beschwerde bei einer Aufsichtsbeh\u00f6rde einzureichen:<br \/>\nSie k\u00f6nnen Ihre Rechte aus\u00fcben, indem Sie uns eine Mitteilung \u00fcber das Kontaktformular senden, ein Dokument beif\u00fcgen, das Ihre Identit\u00e4t best\u00e4tigt, und die notwendigen Details f\u00fcr die Bearbeitung Ihrer Anfrage angeben.<\/p>\n<h2>Verwaltung Ihrer pers\u00f6nlichen Informationen<\/h2>\n<p>Sie k\u00f6nnen jederzeit die Erfassung oder Verwendung der pers\u00f6nlichen Informationen, die auf unserer Website bereitgestellt werden, einschr\u00e4nken. Jedes Mal, wenn Sie gebeten werden, ein Formular auszuf\u00fcllen, z.B. das Benutzerregistrierungsformular, k\u00f6nnen Sie das K\u00e4stchen zum Empfang von E-Mail-Informationen ankreuzen oder deaktivieren.<\/p>\n<p>Wenn Sie die Option gew\u00e4hlt haben, unseren Newsletter oder Werbung zu erhalten, k\u00f6nnen Sie dies jederzeit abbestellen.<\/p>\n<p>Dieses Unternehmen wird die gesammelten pers\u00f6nlichen Informationen ohne Ihre Zustimmung nicht verkaufen, \u00fcbertragen oder verteilen, es sei denn, dies wird von einem Richter mit einem Gerichtsbeschluss verlangt.<\/p>\n<p><strong>Diese Website<\/strong> beh\u00e4lt sich das Recht vor, die Bedingungen dieser Datenschutzrichtlinie jederzeit zu \u00e4ndern.<\/p>\n","protected":false},"excerpt":{"rendered":"<p>Sammlung von pers\u00f6nlichen Informationen und deren Zweck Wenn Besucher auf unserer Website Kommentare hinterlassen, sammeln wir die im Kommentarformular angezeigten Daten sowie die IP-Adresse des Besuchers (gek\u00fcrzt und anonymisiert) und &hellip; <\/p>\n","protected":false},"author":1,"featured_media":0,"parent":0,"menu_order":0,"comment_status":"closed","ping_status":"closed","template":"","meta":{"footnotes":""},"class_list":["post-2656","page","type-page","status-publish","hentry"],"yoast_head":"<!-- This site is optimized with the Yoast SEO plugin v27.3 - https:\/\/yoast.com\/product\/yoast-seo-wordpress\/ -->\n<title>Datenschutzrichtlinie - Transport Wiki<\/title>\n<meta name=\"robots\" content=\"noindex, follow\" \/>\n<meta property=\"og:locale\" content=\"de_DE\" \/>\n<meta property=\"og:type\" content=\"article\" \/>\n<meta property=\"og:title\" content=\"Datenschutzrichtlinie - Transport Wiki\" \/>\n<meta property=\"og:description\" content=\"Sammlung von pers\u00f6nlichen Informationen und deren Zweck Wenn Besucher auf unserer Website Kommentare hinterlassen, sammeln wir die im Kommentarformular angezeigten Daten sowie die IP-Adresse des Besuchers (gek\u00fcrzt und anonymisiert) und &hellip;\" \/>\n<meta property=\"og:url\" content=\"https:\/\/transportwiki.com\/de\/datenschutzrichtlinie\/\" \/>\n<meta property=\"og:site_name\" content=\"Transport Wiki\" \/>\n<meta name=\"twitter:card\" content=\"summary_large_image\" \/>\n<script type=\"application\/ld+json\" class=\"yoast-schema-graph\">{\"@context\":\"https:\\\/\\\/schema.org\",\"@graph\":[{\"@type\":\"WebPage\",\"@id\":\"https:\\\/\\\/transportwiki.com\\\/de\\\/datenschutzrichtlinie\\\/\",\"url\":\"https:\\\/\\\/transportwiki.com\\\/de\\\/datenschutzrichtlinie\\\/\",\"name\":\"Datenschutzrichtlinie - Transport Wiki\",\"isPartOf\":{\"@id\":\"https:\\\/\\\/transportwiki.com\\\/es\\\/#website\"},\"datePublished\":\"2023-10-28T19:01:13+00:00\",\"breadcrumb\":{\"@id\":\"https:\\\/\\\/transportwiki.com\\\/de\\\/datenschutzrichtlinie\\\/#breadcrumb\"},\"inLanguage\":\"de\",\"potentialAction\":[{\"@type\":\"ReadAction\",\"target\":[\"https:\\\/\\\/transportwiki.com\\\/de\\\/datenschutzrichtlinie\\\/\"]}]},{\"@type\":\"BreadcrumbList\",\"@id\":\"https:\\\/\\\/transportwiki.com\\\/de\\\/datenschutzrichtlinie\\\/#breadcrumb\",\"itemListElement\":[{\"@type\":\"ListItem\",\"position\":1,\"name\":\"Accueil\",\"item\":\"https:\\\/\\\/transportwiki.com\\\/es\\\/\"},{\"@type\":\"ListItem\",\"position\":2,\"name\":\"Datenschutzrichtlinie\"}]},{\"@type\":\"WebSite\",\"@id\":\"https:\\\/\\\/transportwiki.com\\\/es\\\/#website\",\"url\":\"https:\\\/\\\/transportwiki.com\\\/es\\\/\",\"name\":\"Transport Wiki\",\"description\":\"Maps and info\",\"potentialAction\":[{\"@type\":\"SearchAction\",\"target\":{\"@type\":\"EntryPoint\",\"urlTemplate\":\"https:\\\/\\\/transportwiki.com\\\/es\\\/?s={search_term_string}\"},\"query-input\":{\"@type\":\"PropertyValueSpecification\",\"valueRequired\":true,\"valueName\":\"search_term_string\"}}],\"inLanguage\":\"de\"}]}<\/script>\n<!-- \/ Yoast SEO plugin. -->","yoast_head_json":{"title":"Datenschutzrichtlinie - Transport Wiki","robots":{"index":"noindex","follow":"follow"},"og_locale":"de_DE","og_type":"article","og_title":"Datenschutzrichtlinie - Transport Wiki","og_description":"Sammlung von pers\u00f6nlichen Informationen und deren Zweck Wenn Besucher auf unserer Website Kommentare hinterlassen, sammeln wir die im Kommentarformular angezeigten Daten sowie die IP-Adresse des Besuchers (gek\u00fcrzt und anonymisiert) und &hellip;","og_url":"https:\/\/transportwiki.com\/de\/datenschutzrichtlinie\/","og_site_name":"Transport Wiki","twitter_card":"summary_large_image","schema":{"@context":"https:\/\/schema.org","@graph":[{"@type":"WebPage","@id":"https:\/\/transportwiki.com\/de\/datenschutzrichtlinie\/","url":"https:\/\/transportwiki.com\/de\/datenschutzrichtlinie\/","name":"Datenschutzrichtlinie - Transport Wiki","isPartOf":{"@id":"https:\/\/transportwiki.com\/es\/#website"},"datePublished":"2023-10-28T19:01:13+00:00","breadcrumb":{"@id":"https:\/\/transportwiki.com\/de\/datenschutzrichtlinie\/#breadcrumb"},"inLanguage":"de","potentialAction":[{"@type":"ReadAction","target":["https:\/\/transportwiki.com\/de\/datenschutzrichtlinie\/"]}]},{"@type":"BreadcrumbList","@id":"https:\/\/transportwiki.com\/de\/datenschutzrichtlinie\/#breadcrumb","itemListElement":[{"@type":"ListItem","position":1,"name":"Accueil","item":"https:\/\/transportwiki.com\/es\/"},{"@type":"ListItem","position":2,"name":"Datenschutzrichtlinie"}]},{"@type":"WebSite","@id":"https:\/\/transportwiki.com\/es\/#website","url":"https:\/\/transportwiki.com\/es\/","name":"Transport Wiki","description":"Maps and info","potentialAction":[{"@type":"SearchAction","target":{"@type":"EntryPoint","urlTemplate":"https:\/\/transportwiki.com\/es\/?s={search_term_string}"},"query-input":{"@type":"PropertyValueSpecification","valueRequired":true,"valueName":"search_term_string"}}],"inLanguage":"de"}]}},"_links":{"self":[{"href":"https:\/\/transportwiki.com\/de\/wp-json\/wp\/v2\/pages\/2656","targetHints":{"allow":["GET"]}}],"collection":[{"href":"https:\/\/transportwiki.com\/de\/wp-json\/wp\/v2\/pages"}],"about":[{"href":"https:\/\/transportwiki.com\/de\/wp-json\/wp\/v2\/types\/page"}],"author":[{"embeddable":true,"href":"https:\/\/transportwiki.com\/de\/wp-json\/wp\/v2\/users\/1"}],"replies":[{"embeddable":true,"href":"https:\/\/transportwiki.com\/de\/wp-json\/wp\/v2\/comments?post=2656"}],"version-history":[{"count":2,"href":"https:\/\/transportwiki.com\/de\/wp-json\/wp\/v2\/pages\/2656\/revisions"}],"predecessor-version":[{"id":2664,"href":"https:\/\/transportwiki.com\/de\/wp-json\/wp\/v2\/pages\/2656\/revisions\/2664"}],"wp:attachment":[{"href":"https:\/\/transportwiki.com\/de\/wp-json\/wp\/v2\/media?parent=2656"}],"curies":[{"name":"wp","href":"https:\/\/api.w.org\/{rel}","templated":true}]}}