{"id":2647,"date":"2023-10-27T21:14:14","date_gmt":"2023-10-27T21:14:14","guid":{"rendered":"https:\/\/transportwiki.com\/?page_id=2647"},"modified":"2023-10-27T21:14:14","modified_gmt":"2023-10-27T21:14:14","slug":"politica-de-privacidad","status":"publish","type":"page","link":"https:\/\/transportwiki.com\/es\/politica-de-privacidad\/","title":{"rendered":"Pol\u00edtica de Privacidad"},"content":{"rendered":"<h2>Recopilaci\u00f3n de Informaci\u00f3n Personal y su Prop\u00f3sito<\/h2>\n<p>Cuando los visitantes dejan comentarios en nuestro sitio, recopilamos los datos que se muestran en el formulario de comentarios, adem\u00e1s de la direcci\u00f3n IP del visitante (truncada y anonimizada) y la cadena del agente del navegador para ayudar en la identificaci\u00f3n de spam.<\/p>\n<h3>Donde dirigir sus consultas<\/h3>\n<p>Para cualquier consulta respecto a la pol\u00edtica de privacidad, puedes contactarnos en la direcci\u00f3n: info@transportwiki.com<\/p>\n<p>Cualquier\u00a0 informaci\u00f3n se almacena en nuestros servidores de <a href=\"https:\/\/www.ovh.es\/proteccion-datos-personales\/\" target=\"_blank\" rel=\"noopener noreferrer\">OVH<\/a> ubicados en Europa y no se comparte con terceros.<\/p>\n<p>&nbsp;<\/p>\n<h2>\u00bfA qui\u00e9nes se les comunicar\u00e1n sus datos?<\/h2>\n<p>Para proveer servicios esenciales para el funcionamiento de transportwiki.com, compartimos datos con los siguientes proveedores, sujetos a sus respectivas pol\u00edticas de privacidad:<\/p>\n<p><a href=\"https:\/\/www.google.es\/intl\/es\/analytics\/\" target=\"_blank\" rel=\"noopener noreferrer\">Google Analytics<\/a>: Utilizamos Google Analytics con la opci\u00f3n de truncar el \u00faltimo octeto de la IP para que sea anonimizada en los servidores de Google. Google Analytics es un servicio de an\u00e1lisis web proporcionado por Google, Inc., una compa\u00f1\u00eda de Delaware situada en 1600 Amphitheatre Parkway, Mountain View (California), CA 94043, Estados Unidos (\u201cGoogle\u201d).<\/p>\n<p>Google Analytics usa \u201ccookies\u201d, que son archivos de texto ubicados en su ordenador, para ayudar a transportwiki.com a analizar c\u00f3mo los usuarios utilizan el sitio.<\/p>\n<p>La informaci\u00f3n generada por la cookie acerca de su uso en transportwiki.com (incluyendo su direcci\u00f3n IP) ser\u00e1 transmitida y almacenada por Google en sus servidores en Estados Unidos. Si desea evitar que Google Analytics utilice sus datos, puede utilizar <a href=\"https:\/\/tools.google.com\/dlpage\/gaoptout\" target=\"_blank\" rel=\"noopener noreferrer\">este complemento<\/a>. La retenci\u00f3n de datos de usuarios y eventos en Google Analytics ser\u00e1 de: 14 meses.<\/p>\n<p><a href=\"https:\/\/policies.google.com\/privacy\">Pol\u00edtica de Privacidad de Google<\/a>.<\/p>\n<p><a href=\"https:\/\/www.google.es\/adsense\/\" target=\"_blank\" rel=\"noopener noreferrer\">Google AdSense<\/a>:\u00a0Nuestro sitio web proporciona contenido gratuito gracias al sistema de publicidad de Google Adsense. Optamos por\u00a0NO SERVIR ANUNCIOS PERSONALIZADOS SINO \u00daNICAMENTE CONTEXTUALES. Esta modalidad de publicidad tambi\u00e9n utiliza cookies esenciales para determinar la frecuencia y combatir el fraude.<\/p>\n<p>En transportwiki.com, estamos asociados con Google AdSense (Google) para mostrar anuncios a los usuarios que visitan nuestro sitio. En colaboraci\u00f3n con Google, se utilizan cookies para mostrar anuncios basados en las b\u00fasquedas recientes del usuario y ofrecer anuncios m\u00e1s relevantes.<\/p>\n<p>Estas cookies incluyen servicios de terceros como: AdSense, AdWords y Google Analytics, as\u00ed como algunos servicios de la marca DoubleClick. Al visitar nuestro sitio, se enviar\u00e1n cookies de estos servicios a su navegador. Obtenga m\u00e1s informaci\u00f3n sobre los <a href=\"https:\/\/www.google.es\/intl\/es\/policies\/technologies\/types\/\" target=\"_blank\" rel=\"noopener noreferrer\">tipos de cookies que utiliza Google<\/a>, y sobre\u00a0<a href=\"https:\/\/www.google.es\/intl\/es\/policies\/technologies\/cookies\/\" target=\"_blank\" rel=\"noopener noreferrer\">c\u00f3mo Google utiliza estas cookies<\/a>.<\/p>\n<p>Recuerde que puede utilizar la <a href=\"https:\/\/adssettings.google.com\/authenticated?hl=es\" target=\"_blank\" rel=\"noopener noreferrer\">configuraci\u00f3n de anuncios<\/a> para gestionar los anuncios de Google que desea ver y los que no, basados en sus intereses. Aunque decida no recibir este tipo de anuncios, pueden seguir apareciendo en funci\u00f3n de factores como su ubicaci\u00f3n general derivada de la direcci\u00f3n IP, el tipo de navegador y las b\u00fasquedas recientes y anteriores relacionadas con su b\u00fasqueda actual.<\/p>\n<p>Acerca de\u00a0<a href=\"https:\/\/support.google.com\/adsense\/answer\/7549925?hl=es\">Google Adsense.<\/a><\/p>\n<p><a href=\"https:\/\/policies.google.com\/technologies\/ads\">Pol\u00edtica de Privacidad de Google Adsense<\/a>.<\/p>\n<p><a href=\"https:\/\/support.google.com\/adsense\/answer\/9012903\">Terceros con los que Google comparte tus datos en caso de usar anuncios personalizados<\/a>.<\/p>\n<p><a href=\"https:\/\/policies.google.com\/technologies\/partner-sites\">Gesti\u00f3n de datos en los productos publicitarios de Google<\/a>.<\/p>\n<p><a href=\"https:\/\/adssettings.google.com\/\">Controla la informaci\u00f3n que Google utiliza para mostrarte anuncios<\/a>.<\/p>\n<h2>Enlaces a Sitios Externos<\/h2>\n<p>Nuestro sitio puede contener enlaces a otros sitios que podr\u00edan ser de su inter\u00e9s. Sin embargo, una vez que haga clic en estos enlaces y abandone nuestra p\u00e1gina, ya no tenemos control sobre el sitio al que es redirigido y por lo tanto no somos responsables de los t\u00e9rminos o la privacidad ni de la protecci\u00f3n de sus datos en esos otros sitios terceros.<\/p>\n<p>Estos sitios est\u00e1n sujetos a sus propias pol\u00edticas de privacidad, por lo que es recomendable que las consulte para confirmar que est\u00e1 de acuerdo con ellas.<\/p>\n<h2>Conservaci\u00f3n de Datos<\/h2>\n<p>Si deja un comentario, el comentario y sus metadatos se conservar\u00e1n indefinidamente. Lo mismo ocurre con las consultas a trav\u00e9s del formulario de contacto. Esto nos permite reconocer y aprobar comentarios sucesivos autom\u00e1ticamente en lugar de mantenerlos en una cola de moderaci\u00f3n. Siempre podr\u00e1s solicitar que eliminemos tus datos.<\/p>\n<h2>Derechos sobre tus Datos<\/h2>\n<p>Si has dejado comentarios en este sitio, puedes solicitar recibir un archivo de exportaci\u00f3n de los datos personales que tenemos sobre ti, incluyendo cualquier dato que nos hayas proporcionado. Tambi\u00e9n puedes solicitar que eliminemos cualquier dato personal que tengamos sobre ti o que lo hagamos an\u00f3nimo. Esto no incluye ning\u00fan dato que estemos obligados a conservar con fines administrativos, legales o de seguridad. Si deseas solicitar tus datos o eliminarlos, escribe a info@transportwiki.com.<\/p>\n<h2>Ubicaci\u00f3n de tus Datos<\/h2>\n<p>En principio, los datos se mantienen y almacenan en la Uni\u00f3n Europea, en servidores de alta calidad y bajo los mejores est\u00e1ndares del mercado. Es posible que se utilicen otras herramientas de terceros con el fin de mejorar la experiencia de usuario y la navegabilidad.<\/p>\n<h2>TUS DERECHOS EN RELACI\u00d3N CON EL TRATAMIENTO DE TUS DATOS PERSONALES<\/h2>\n<p>Como mencionamos anteriormente, no almacenamos datos personales, pero si en alg\u00fan momento lo hici\u00e9ramos y conforme a la normativa aplicable, tendr\u00e1s una serie de derechos en relaci\u00f3n con la recogida y tratamiento de tus datos personales.<\/p>\n<p>El ejercicio de estos derechos ser\u00e1 gratuito para ti, excepto en los casos en que se formulen solicitudes manifiestamente infundadas o excesivas, especialmente por repetitivas.<\/p>\n<p>Estos derechos incluyen:<\/p>\n<p>Derecho de informaci\u00f3n: Tienes derecho a ser informado de manera concisa, transparente, inteligible y de f\u00e1cil acceso, con un lenguaje claro y sencillo, sobre la utilizaci\u00f3n y tratamiento de tus datos personales.<\/p>\n<p>Derecho de acceso: Tienes derecho a solicitarnos en cualquier momento que te confirmemos si estamos tratando tus datos personales, a que te facilitemos acceso a los mismos y a la informaci\u00f3n sobre su tratamiento, y a obtener una copia de dichos datos. La copia de tus datos personales que te facilitemos ser\u00e1 gratuita, aunque la solicitud de copias adicionales podr\u00e1 estar sujeta al cobro de una cantidad razonable basada en los costes administrativos. Por nuestra parte, podremos pedirte que acredites tu identidad o requerirte m\u00e1s informaci\u00f3n que sea necesaria para gestionar tu solicitud.<\/p>\n<p>Derecho de rectificaci\u00f3n: Tienes derecho a solicitar la rectificaci\u00f3n de los datos personales inexactos, no actualizados o incompletos que te conciernan. Tambi\u00e9n podr\u00e1s solicitar que se completen los datos personales que sean incompletos, incluso mediante una declaraci\u00f3n adicional.<\/p>\n<p>Derecho de supresi\u00f3n -derecho al olvido- : Tienes derecho a solicitar la supresi\u00f3n de tus datos personales cuando, entre otros motivos y siempre y cuando se realice un juicio de proporcionalidad, los datos ya no sean necesarios para los fines para los que fueron recogidos y no se trate sobre hechos o sucesos de actualidad y prime el derecho a la informaci\u00f3n.<\/p>\n<p>Derecho a limitar el tratamiento: Tienes derecho a solicitar que limitemos el tratamiento de tus datos personales, lo que significa que podremos seguir almacen\u00e1ndolos, pero no seguir trat\u00e1ndolos si se cumple alguna de las siguientes condiciones:<\/p>\n<ul>\n<li>que impugnes la exactitud de los datos, durante un plazo que permita al responsable verificar la exactitud de los mismos; el tratamiento sea il\u00edcito y te opongas a la supresi\u00f3n de los datos y solicites en su lugar la limitaci\u00f3n de su uso;<\/li>\n<li>te hayas opuesto al tratamiento, mientras se verifica si los motivos leg\u00edtimos del sitio prevalecen sobre los tuyos.<\/li>\n<\/ul>\n<p>Derecho a la portabilidad de los datos: Tienes derecho a que tus datos sean transmitidos a otro responsable del tratamiento en un formato estructurado, de uso com\u00fan y lectura mec\u00e1nica. Este derecho se aplica cuando el tratamiento de tus datos personales est\u00e9 basado en el consentimiento o en la ejecuci\u00f3n de un contrato y dicho tratamiento se efect\u00fae por medios automatizados.<\/p>\n<p>Derecho de oposici\u00f3n: Este derecho te permite oponerte al tratamiento de tus datos personales, incluida la elaboraci\u00f3n de perfiles. No podremos atender a tu derecho solo cuando tratemos tus datos en el caso de que acreditemos motivos leg\u00edtimos imperiosos para el tratamiento o para la formulaci\u00f3n, el ejercicio o la defensa de reclamaciones.<\/p>\n<p>Derecho a revocar el consentimiento: En los casos en los que hayamos obtenido tu consentimiento para el tratamiento de tus datos personales en relaci\u00f3n con determinadas actividades (por ejemplo, con el fin de enviarte informaci\u00f3n comercial), podr\u00e1s retirarlo en cualquier momento.<\/p>\n<p>Derecho a presentar una reclamaci\u00f3n ante una autoridad de control:<br \/>\nPodr\u00e1s ejercitar tus derechos envi\u00e1ndonos una comunicaci\u00f3n mediante el formulario de contacto, acompa\u00f1ando un documento acreditativo de tu identidad y proporcionando los detalles necesarios para procesar tu solicitud.<\/p>\n<h2>Gesti\u00f3n de tu Informaci\u00f3n Personal<\/h2>\n<p>En cualquier momento puedes restringir la recopilaci\u00f3n o el uso de la informaci\u00f3n personal que es proporcionada a nuestro sitio web. Cada vez que se te solicite rellenar un formulario, como el de alta de usuario, puedes marcar o desmarcar la opci\u00f3n de recibir informaci\u00f3n por correo electr\u00f3nico.<\/p>\n<p>Si has marcado la opci\u00f3n de recibir nuestro bolet\u00edn o publicidad, puedes cancelarla en cualquier momento.<\/p>\n<p>Esta empresa no vender\u00e1, ceder\u00e1 ni distribuir\u00e1 la informaci\u00f3n personal que es recopilada sin tu consentimiento, a menos que sea requerido por un juez con una orden judicial.<\/p>\n<p><strong>Este sitio<\/strong> se reserva el derecho de cambiar los t\u00e9rminos de la presente Pol\u00edtica de Privacidad en cualquier momento.<\/p>\n","protected":false},"excerpt":{"rendered":"<p>Recopilaci\u00f3n de Informaci\u00f3n Personal y su Prop\u00f3sito Cuando los visitantes dejan comentarios en nuestro sitio, recopilamos los datos que se muestran en el formulario de comentarios, adem\u00e1s de la direcci\u00f3n &hellip; <\/p>\n","protected":false},"author":1,"featured_media":0,"parent":0,"menu_order":0,"comment_status":"closed","ping_status":"closed","template":"","meta":{"footnotes":""},"class_list":["post-2647","page","type-page","status-publish","hentry"],"yoast_head":"<!-- This site is optimized with the Yoast SEO plugin v27.3 - https:\/\/yoast.com\/product\/yoast-seo-wordpress\/ -->\n<title>Pol\u00edtica de Privacidad - Transport Wiki<\/title>\n<meta name=\"robots\" content=\"noindex, follow\" \/>\n<meta property=\"og:locale\" content=\"es_ES\" \/>\n<meta property=\"og:type\" content=\"article\" \/>\n<meta property=\"og:title\" content=\"Pol\u00edtica de Privacidad - Transport Wiki\" \/>\n<meta property=\"og:description\" content=\"Recopilaci\u00f3n de Informaci\u00f3n Personal y su Prop\u00f3sito Cuando los visitantes dejan comentarios en nuestro sitio, recopilamos los datos que se muestran en el formulario de comentarios, adem\u00e1s de la direcci\u00f3n &hellip;\" \/>\n<meta property=\"og:url\" content=\"https:\/\/transportwiki.com\/es\/politica-de-privacidad\/\" \/>\n<meta property=\"og:site_name\" content=\"Transport Wiki\" \/>\n<meta name=\"twitter:card\" content=\"summary_large_image\" \/>\n<script type=\"application\/ld+json\" class=\"yoast-schema-graph\">{\"@context\":\"https:\\\/\\\/schema.org\",\"@graph\":[{\"@type\":\"WebPage\",\"@id\":\"https:\\\/\\\/transportwiki.com\\\/es\\\/politica-de-privacidad\\\/\",\"url\":\"https:\\\/\\\/transportwiki.com\\\/es\\\/politica-de-privacidad\\\/\",\"name\":\"Pol\u00edtica de Privacidad - Transport Wiki\",\"isPartOf\":{\"@id\":\"https:\\\/\\\/transportwiki.com\\\/es\\\/#website\"},\"datePublished\":\"2023-10-27T21:14:14+00:00\",\"breadcrumb\":{\"@id\":\"https:\\\/\\\/transportwiki.com\\\/es\\\/politica-de-privacidad\\\/#breadcrumb\"},\"inLanguage\":\"es-ES\",\"potentialAction\":[{\"@type\":\"ReadAction\",\"target\":[\"https:\\\/\\\/transportwiki.com\\\/es\\\/politica-de-privacidad\\\/\"]}]},{\"@type\":\"BreadcrumbList\",\"@id\":\"https:\\\/\\\/transportwiki.com\\\/es\\\/politica-de-privacidad\\\/#breadcrumb\",\"itemListElement\":[{\"@type\":\"ListItem\",\"position\":1,\"name\":\"Accueil\",\"item\":\"https:\\\/\\\/transportwiki.com\\\/es\\\/\"},{\"@type\":\"ListItem\",\"position\":2,\"name\":\"Pol\u00edtica de Privacidad\"}]},{\"@type\":\"WebSite\",\"@id\":\"https:\\\/\\\/transportwiki.com\\\/es\\\/#website\",\"url\":\"https:\\\/\\\/transportwiki.com\\\/es\\\/\",\"name\":\"Transport Wiki\",\"description\":\"Maps and info\",\"potentialAction\":[{\"@type\":\"SearchAction\",\"target\":{\"@type\":\"EntryPoint\",\"urlTemplate\":\"https:\\\/\\\/transportwiki.com\\\/es\\\/?s={search_term_string}\"},\"query-input\":{\"@type\":\"PropertyValueSpecification\",\"valueRequired\":true,\"valueName\":\"search_term_string\"}}],\"inLanguage\":\"es-ES\"}]}<\/script>\n<!-- \/ Yoast SEO plugin. -->","yoast_head_json":{"title":"Pol\u00edtica de Privacidad - Transport Wiki","robots":{"index":"noindex","follow":"follow"},"og_locale":"es_ES","og_type":"article","og_title":"Pol\u00edtica de Privacidad - Transport Wiki","og_description":"Recopilaci\u00f3n de Informaci\u00f3n Personal y su Prop\u00f3sito Cuando los visitantes dejan comentarios en nuestro sitio, recopilamos los datos que se muestran en el formulario de comentarios, adem\u00e1s de la direcci\u00f3n &hellip;","og_url":"https:\/\/transportwiki.com\/es\/politica-de-privacidad\/","og_site_name":"Transport Wiki","twitter_card":"summary_large_image","schema":{"@context":"https:\/\/schema.org","@graph":[{"@type":"WebPage","@id":"https:\/\/transportwiki.com\/es\/politica-de-privacidad\/","url":"https:\/\/transportwiki.com\/es\/politica-de-privacidad\/","name":"Pol\u00edtica de Privacidad - Transport Wiki","isPartOf":{"@id":"https:\/\/transportwiki.com\/es\/#website"},"datePublished":"2023-10-27T21:14:14+00:00","breadcrumb":{"@id":"https:\/\/transportwiki.com\/es\/politica-de-privacidad\/#breadcrumb"},"inLanguage":"es-ES","potentialAction":[{"@type":"ReadAction","target":["https:\/\/transportwiki.com\/es\/politica-de-privacidad\/"]}]},{"@type":"BreadcrumbList","@id":"https:\/\/transportwiki.com\/es\/politica-de-privacidad\/#breadcrumb","itemListElement":[{"@type":"ListItem","position":1,"name":"Accueil","item":"https:\/\/transportwiki.com\/es\/"},{"@type":"ListItem","position":2,"name":"Pol\u00edtica de Privacidad"}]},{"@type":"WebSite","@id":"https:\/\/transportwiki.com\/es\/#website","url":"https:\/\/transportwiki.com\/es\/","name":"Transport Wiki","description":"Maps and info","potentialAction":[{"@type":"SearchAction","target":{"@type":"EntryPoint","urlTemplate":"https:\/\/transportwiki.com\/es\/?s={search_term_string}"},"query-input":{"@type":"PropertyValueSpecification","valueRequired":true,"valueName":"search_term_string"}}],"inLanguage":"es-ES"}]}},"_links":{"self":[{"href":"https:\/\/transportwiki.com\/es\/wp-json\/wp\/v2\/pages\/2647","targetHints":{"allow":["GET"]}}],"collection":[{"href":"https:\/\/transportwiki.com\/es\/wp-json\/wp\/v2\/pages"}],"about":[{"href":"https:\/\/transportwiki.com\/es\/wp-json\/wp\/v2\/types\/page"}],"author":[{"embeddable":true,"href":"https:\/\/transportwiki.com\/es\/wp-json\/wp\/v2\/users\/1"}],"replies":[{"embeddable":true,"href":"https:\/\/transportwiki.com\/es\/wp-json\/wp\/v2\/comments?post=2647"}],"version-history":[{"count":2,"href":"https:\/\/transportwiki.com\/es\/wp-json\/wp\/v2\/pages\/2647\/revisions"}],"predecessor-version":[{"id":2649,"href":"https:\/\/transportwiki.com\/es\/wp-json\/wp\/v2\/pages\/2647\/revisions\/2649"}],"wp:attachment":[{"href":"https:\/\/transportwiki.com\/es\/wp-json\/wp\/v2\/media?parent=2647"}],"curies":[{"name":"wp","href":"https:\/\/api.w.org\/{rel}","templated":true}]}}