{"id":2654,"date":"2023-10-28T19:02:46","date_gmt":"2023-10-28T19:02:46","guid":{"rendered":"https:\/\/transportwiki.com\/?page_id=2654"},"modified":"2023-10-28T19:02:46","modified_gmt":"2023-10-28T19:02:46","slug":"politique-de-confidentialite","status":"publish","type":"page","link":"https:\/\/transportwiki.com\/fr\/politique-de-confidentialite\/","title":{"rendered":"Politique de confidentialit\u00e9"},"content":{"rendered":"<h2>Collecte d&#8217;Informations Personnelles et son Objectif<\/h2>\n<p>Lorsque les visiteurs laissent des commentaires sur notre site, nous recueillons les donn\u00e9es affich\u00e9es dans le formulaire de commentaires, ainsi que l&#8217;adresse IP du visiteur (tronqu\u00e9e et anonymis\u00e9e) et la cha\u00eene de l&#8217;agent utilisateur du navigateur pour aider \u00e0 la d\u00e9tection de spam.<\/p>\n<h3>O\u00f9 adresser vos demandes<\/h3>\n<p>Pour toute demande concernant la politique de confidentialit\u00e9, vous pouvez nous contacter \u00e0 l&#8217;adresse suivante : info@transportwiki.com<\/p>\n<p>Toutes les informations sont stock\u00e9es sur nos serveurs <a href=\"https:\/\/www.ovh.es\/proteccion-datos-personales\/\" target=\"_blank\" rel=\"noopener noreferrer\">OVH<\/a> situ\u00e9s en Europe et ne sont pas partag\u00e9es avec des tiers.<\/p>\n<p>&nbsp;<\/p>\n<h2>\u00c0 qui vos donn\u00e9es seront-elles communiqu\u00e9es ?<\/h2>\n<p>Pour fournir des services essentiels au fonctionnement de transportwiki.com, nous partageons des donn\u00e9es avec les fournisseurs suivants, sous r\u00e9serve de leurs politiques de confidentialit\u00e9 respectives :<\/p>\n<p><a href=\"https:\/\/www.google.es\/intl\/es\/analytics\/\" target=\"_blank\" rel=\"noopener noreferrer\">Google Analytics<\/a> : Nous utilisons Google Analytics avec l&#8217;option de tronquer le dernier octet de l&#8217;IP pour qu&#8217;elle soit anonymis\u00e9e sur les serveurs de Google. Google Analytics est un service d&#8217;analyse web fourni par Google, Inc., une soci\u00e9t\u00e9 du Delaware situ\u00e9e au 1600 Amphitheatre Parkway, Mountain View (Californie), CA 94043, \u00c9tats-Unis (\u201cGoogle\u201d).<\/p>\n<p>Google Analytics utilise des \u201ccookies\u201d, qui sont des fichiers texte plac\u00e9s sur votre ordinateur, pour aider transportwiki.com \u00e0 analyser la mani\u00e8re dont les utilisateurs utilisent le site.<\/p>\n<p>L&#8217;information g\u00e9n\u00e9r\u00e9e par le cookie concernant votre utilisation de transportwiki.com (y compris votre adresse IP) sera transmise et stock\u00e9e par Google sur ses serveurs aux \u00c9tats-Unis. Si vous souhaitez emp\u00eacher Google Analytics d&#8217;utiliser vos donn\u00e9es, vous pouvez utiliser <a href=\"https:\/\/tools.google.com\/dlpage\/gaoptout\" target=\"_blank\" rel=\"noopener noreferrer\">ce compl\u00e9ment<\/a>. La r\u00e9tention des donn\u00e9es d&#8217;utilisateurs et d&#8217;\u00e9v\u00e9nements dans Google Analytics sera de : 14 mois.<\/p>\n<p><a href=\"https:\/\/policies.google.com\/privacy\">Politique de Confidentialit\u00e9 de Google<\/a>.<\/p>\n<p><a href=\"https:\/\/www.google.es\/adsense\/\" target=\"_blank\" rel=\"noopener noreferrer\">Google AdSense<\/a> : Notre site web fournit un contenu gratuit gr\u00e2ce au syst\u00e8me publicitaire de Google Adsense. Nous choisissons de NE PAS SERVIR D&#8217;ANNONCES PERSONNALIS\u00c9ES MAIS UNIQUEMENT CONTEXTUELLES. Ce type de publicit\u00e9 utilise \u00e9galement des cookies essentiels pour d\u00e9terminer la fr\u00e9quence et lutter contre la fraude.<\/p>\n<p>Sur transportwiki.com, nous sommes associ\u00e9s \u00e0 Google AdSense (Google) pour afficher des annonces aux utilisateurs qui visitent notre site. En collaboration avec Google, des cookies sont utilis\u00e9s pour afficher des annonces bas\u00e9es sur les recherches r\u00e9centes de l&#8217;utilisateur et proposer des annonces plus pertinentes.<\/p>\n<p>Ces cookies incluent des services de tiers tels que : AdSense, AdWords et Google Analytics, ainsi que certains services de la marque DoubleClick. Lors de la visite de notre site, ces services enverront des cookies \u00e0 votre navigateur. Obtenez plus d&#8217;informations sur les <a href=\"https:\/\/www.google.es\/intl\/es\/policies\/technologies\/types\/\" target=\"_blank\" rel=\"noopener noreferrer\">types de cookies utilis\u00e9s par Google<\/a>, et sur <a href=\"https:\/\/www.google.es\/intl\/es\/policies\/technologies\/cookies\/\" target=\"_blank\" rel=\"noopener noreferrer\">comment Google utilise ces cookies<\/a>.<\/p>\n<p>N&#8217;oubliez pas que vous pouvez utiliser les <a href=\"https:\/\/adssettings.google.com\/authenticated?hl=es\" target=\"_blank\" rel=\"noopener noreferrer\">param\u00e8tres de publicit\u00e9<\/a> pour g\u00e9rer les annonces Google que vous souhaitez voir et celles que vous ne souhaitez pas, en fonction de vos int\u00e9r\u00eats. M\u00eame si vous choisissez de ne pas recevoir ce type d&#8217;annonces, elles peuvent toujours appara\u00eetre en fonction de facteurs tels que votre emplacement g\u00e9n\u00e9ral d\u00e9riv\u00e9 de l&#8217;adresse IP, le type de navigateur et les recherches r\u00e9centes et pr\u00e9c\u00e9dentes li\u00e9es \u00e0 votre recherche actuelle.<\/p>\n<p>\u00c0 propos de <a href=\"https:\/\/support.google.com\/adsense\/answer\/7549925?hl=es\">Google Adsense<\/a>.<\/p>\n<p><a href=\"https:\/\/policies.google.com\/technologies\/ads\">Politique de Confidentialit\u00e9 de Google Adsense<\/a>.<\/p>\n<p><a href=\"https:\/\/support.google.com\/adsense\/answer\/9012903\">Tiers avec lesquels Google partage vos donn\u00e9es en cas d&#8217;utilisation d&#8217;annonces personnalis\u00e9es<\/a>.<\/p>\n<p><a href=\"https:\/\/policies.google.com\/technologies\/partner-sites\">Gestion des donn\u00e9es dans les produits publicitaires de Google<\/a>.<\/p>\n<p><a href=\"https:\/\/adssettings.google.com\/\">Contr\u00f4lez les informations que Google utilise pour vous montrer des annonces<\/a>.<\/p>\n<h2>Liens vers des Sites Externes<\/h2>\n<p>Notre site peut contenir des liens vers d&#8217;autres sites qui pourraient vous int\u00e9resser. Cependant, une fois que vous cliquez sur ces liens et quittez notre page, nous n&#8217;avons plus de contr\u00f4le sur le site vers lequel vous \u00eates redirig\u00e9 et nous ne sommes donc pas responsables des termes ou de la confidentialit\u00e9 ni de la protection de vos donn\u00e9es sur ces autres sites tiers.<\/p>\n<p>Ces sites sont soumis \u00e0 leurs propres politiques de confidentialit\u00e9, il est donc recommand\u00e9 de les consulter pour confirmer que vous \u00eates d&#8217;accord avec elles.<\/p>\n<h2>Conservation des Donn\u00e9es<\/h2>\n<p>Si vous laissez un commentaire, le commentaire et ses m\u00e9tadonn\u00e9es seront conserv\u00e9s ind\u00e9finiment. Il en va de m\u00eame pour les demandes faites via le formulaire de contact. Cela nous permet de reconna\u00eetre et d&#8217;approuver automatiquement les commentaires suivants plut\u00f4t que de les garder dans une file d&#8217;attente de mod\u00e9ration. Vous pouvez toujours demander la suppression de vos donn\u00e9es.<\/p>\n<h2>Droits sur vos Donn\u00e9es<\/h2>\n<p>Si vous avez laiss\u00e9 des commentaires sur ce site, vous pouvez demander \u00e0 recevoir un fichier d&#8217;exportation des donn\u00e9es personnelles que nous d\u00e9tenons sur vous, y compris toutes les donn\u00e9es que vous nous avez fournies. Vous pouvez \u00e9galement demander que nous supprimions toutes les donn\u00e9es personnelles que nous avons sur vous ou que nous les rendions anonymes. Cela n&#8217;inclut aucune donn\u00e9e que nous sommes tenus de conserver \u00e0 des fins administratives, l\u00e9gales ou de s\u00e9curit\u00e9.<\/p>\n<h2>Modifications de notre Politique de Confidentialit\u00e9<\/h2>\n<p>Nous nous r\u00e9servons le droit de modifier cette politique de confidentialit\u00e9 \u00e0 tout moment. Par cons\u00e9quent, nous vous recommandons de la consulter fr\u00e9quemment pour rester inform\u00e9.<\/p>\n<h2>Contact<\/h2>\n<p>Si vous avez des questions concernant cette politique de confidentialit\u00e9 ou les donn\u00e9es que nous avons sur vous, ou si vous souhaitez exercer l&#8217;un de vos droits relatifs \u00e0 la protection des donn\u00e9es, n&#8217;h\u00e9sitez pas \u00e0 nous contacter via l&#8217;adresse e-mail : info@transportwiki.com<\/p>\n<h2>VOS DROITS RELATIFS AU TRAITEMENT DE VOS DONN\u00c9ES PERSONNELLES<\/h2>\n<p>Comme nous l&#8217;avons mentionn\u00e9 pr\u00e9c\u00e9demment, nous ne stockons pas de donn\u00e9es personnelles. Cependant, si nous devions le faire \u00e0 un moment donn\u00e9 et conform\u00e9ment \u00e0 la r\u00e9glementation en vigueur, vous auriez un ensemble de droits concernant la collecte et le traitement de vos donn\u00e9es personnelles.<\/p>\n<p>L&#8217;exercice de ces droits sera gratuit pour vous, sauf dans les cas o\u00f9 les demandes sont manifestement infond\u00e9es ou excessives, en particulier lorsqu&#8217;elles sont r\u00e9p\u00e9titives.<\/p>\n<p>Ces droits incluent :<\/p>\n<p>Droit \u00e0 l&#8217;information : Vous avez le droit d&#8217;\u00eatre inform\u00e9 de mani\u00e8re concise, transparente, intelligible et facilement accessible, avec un langage clair et simple, sur l&#8217;utilisation et le traitement de vos donn\u00e9es personnelles.<\/p>\n<p>Droit d&#8217;acc\u00e8s : Vous avez le droit de nous demander \u00e0 tout moment de confirmer si nous traitons vos donn\u00e9es personnelles, d&#8217;acc\u00e9der \u00e0 ces donn\u00e9es, d&#8217;obtenir des informations sur leur traitement et d&#8217;en recevoir une copie. La premi\u00e8re copie des donn\u00e9es que nous vous fournissons sera gratuite, mais des frais administratifs raisonnables peuvent \u00eatre appliqu\u00e9s pour des copies suppl\u00e9mentaires. De notre c\u00f4t\u00e9, nous pourrions vous demander de justifier votre identit\u00e9 ou de fournir des informations suppl\u00e9mentaires n\u00e9cessaires pour traiter votre demande.<\/p>\n<p>Droit de rectification : Vous avez le droit de demander la rectification de donn\u00e9es personnelles inexactes, obsol\u00e8tes ou incompl\u00e8tes vous concernant. Vous pouvez \u00e9galement demander que les donn\u00e9es personnelles incompl\u00e8tes soient compl\u00e9t\u00e9es, y compris par une d\u00e9claration suppl\u00e9mentaire.<\/p>\n<p>Droit \u00e0 l&#8217;effacement \u2013 droit \u00e0 l&#8217;oubli : Vous avez le droit de demander la suppression de vos donn\u00e9es personnelles lorsque, parmi d&#8217;autres raisons et \u00e0 condition d&#8217;effectuer un examen de proportionnalit\u00e9, ces donn\u00e9es ne sont plus n\u00e9cessaires aux fins pour lesquelles elles ont \u00e9t\u00e9 collect\u00e9es et que leur traitement ne concerne pas des \u00e9v\u00e9nements actuels o\u00f9 le droit \u00e0 l&#8217;information pr\u00e9vaut.<\/p>\n<p>Droit \u00e0 la limitation du traitement : Vous avez le droit de demander la limitation du traitement de vos donn\u00e9es personnelles, ce qui signifie que nous pourrons continuer \u00e0 les stocker, mais sans les traiter, si l&#8217;une des conditions suivantes est remplie :<\/p>\n<ul>\n<li>vous contestez l&#8217;exactitude des donn\u00e9es pendant une p\u00e9riode permettant au responsable de v\u00e9rifier cette exactitude ; le traitement est illicite, et vous vous opposez \u00e0 la suppression des donn\u00e9es, demandant \u00e0 la place leur limitation d&#8217;utilisation ;<\/li>\n<li>vous vous \u00eates oppos\u00e9 au traitement, en attendant la v\u00e9rification sur la pr\u00e9valence des motifs l\u00e9gitimes du site sur les v\u00f4tres.<\/li>\n<\/ul>\n<p>Droit \u00e0 la portabilit\u00e9 des donn\u00e9es : Vous avez le droit de recevoir vos donn\u00e9es personnelles dans un format structur\u00e9, couramment utilis\u00e9 et lisible par machine, et de les transmettre \u00e0 un autre responsable du traitement. Ce droit s&#8217;applique lorsque le traitement est bas\u00e9 sur le consentement ou sur un contrat et est effectu\u00e9 par des moyens automatis\u00e9s.<\/p>\n<p>Droit d&#8217;opposition : Vous avez le droit de vous opposer au traitement de vos donn\u00e9es personnelles, y compris le profilage. Nous ne pourrons refuser votre droit que si nous d\u00e9montrons des motifs l\u00e9gitimes imp\u00e9rieux pour le traitement ou pour la formulation, l&#8217;exercice ou la d\u00e9fense de droits en justice.<\/p>\n<p>Droit de r\u00e9voquer le consentement : Dans les cas o\u00f9 nous avons obtenu votre consentement pour le traitement de vos donn\u00e9es personnelles pour certaines activit\u00e9s (par exemple, pour vous envoyer des informations commerciales), vous pouvez le retirer \u00e0 tout moment.<\/p>\n<p>Droit de d\u00e9poser une plainte aupr\u00e8s d&#8217;une autorit\u00e9 de contr\u00f4le :<br \/>\nVous pouvez exercer vos droits en nous envoyant un message via le formulaire de contact, en fournissant une preuve d&#8217;identit\u00e9 et en donnant les d\u00e9tails n\u00e9cessaires pour traiter votre demande.<\/p>\n<h2>Gestion de vos informations personnelles<\/h2>\n<p>\u00c0 tout moment, vous pouvez limiter la collecte ou l&#8217;utilisation des informations personnelles fournies \u00e0 notre site. Chaque fois qu&#8217;il vous sera demand\u00e9 de remplir un formulaire, comme celui d&#8217;inscription d&#8217;utilisateur, vous pourrez cocher ou d\u00e9cocher l&#8217;option de recevoir des informations par e-mail.<\/p>\n<p>Si vous avez choisi de recevoir notre newsletter ou des publicit\u00e9s, vous pouvez vous d\u00e9sinscrire \u00e0 tout moment.<\/p>\n<p>Cette entreprise ne vendra, c\u00e8dera ni distribuera les informations personnelles collect\u00e9es sans votre consentement, sauf si cela est exig\u00e9 par un juge avec une ordonnance judiciaire.<\/p>\n<p><strong>Ce site<\/strong> se r\u00e9serve le droit de modifier les termes de cette politique de confidentialit\u00e9 \u00e0 tout moment.<\/p>\n","protected":false},"excerpt":{"rendered":"<p>Collecte d&#8217;Informations Personnelles et son Objectif Lorsque les visiteurs laissent des commentaires sur notre site, nous recueillons les donn\u00e9es affich\u00e9es dans le formulaire de commentaires, ainsi que l&#8217;adresse IP du &hellip; <\/p>\n","protected":false},"author":1,"featured_media":0,"parent":0,"menu_order":0,"comment_status":"closed","ping_status":"closed","template":"","meta":{"footnotes":""},"class_list":["post-2654","page","type-page","status-publish","hentry"],"yoast_head":"<!-- This site is optimized with the Yoast SEO plugin v27.3 - https:\/\/yoast.com\/product\/yoast-seo-wordpress\/ -->\n<title>Politique de confidentialit\u00e9 - Transport Wiki<\/title>\n<meta name=\"robots\" content=\"noindex, follow\" \/>\n<meta property=\"og:locale\" content=\"fr_FR\" \/>\n<meta property=\"og:type\" content=\"article\" \/>\n<meta property=\"og:title\" content=\"Politique de confidentialit\u00e9 - Transport Wiki\" \/>\n<meta property=\"og:description\" content=\"Collecte d&#8217;Informations Personnelles et son Objectif Lorsque les visiteurs laissent des commentaires sur notre site, nous recueillons les donn\u00e9es affich\u00e9es dans le formulaire de commentaires, ainsi que l&#8217;adresse IP du &hellip;\" \/>\n<meta property=\"og:url\" content=\"https:\/\/transportwiki.com\/fr\/politique-de-confidentialite\/\" \/>\n<meta property=\"og:site_name\" content=\"Transport Wiki\" \/>\n<meta name=\"twitter:card\" content=\"summary_large_image\" \/>\n<script type=\"application\/ld+json\" class=\"yoast-schema-graph\">{\"@context\":\"https:\\\/\\\/schema.org\",\"@graph\":[{\"@type\":\"WebPage\",\"@id\":\"https:\\\/\\\/transportwiki.com\\\/fr\\\/politique-de-confidentialite\\\/\",\"url\":\"https:\\\/\\\/transportwiki.com\\\/fr\\\/politique-de-confidentialite\\\/\",\"name\":\"Politique de confidentialit\u00e9 - Transport Wiki\",\"isPartOf\":{\"@id\":\"https:\\\/\\\/transportwiki.com\\\/es\\\/#website\"},\"datePublished\":\"2023-10-28T19:02:46+00:00\",\"breadcrumb\":{\"@id\":\"https:\\\/\\\/transportwiki.com\\\/fr\\\/politique-de-confidentialite\\\/#breadcrumb\"},\"inLanguage\":\"fr-FR\",\"potentialAction\":[{\"@type\":\"ReadAction\",\"target\":[\"https:\\\/\\\/transportwiki.com\\\/fr\\\/politique-de-confidentialite\\\/\"]}]},{\"@type\":\"BreadcrumbList\",\"@id\":\"https:\\\/\\\/transportwiki.com\\\/fr\\\/politique-de-confidentialite\\\/#breadcrumb\",\"itemListElement\":[{\"@type\":\"ListItem\",\"position\":1,\"name\":\"Accueil\",\"item\":\"https:\\\/\\\/transportwiki.com\\\/es\\\/\"},{\"@type\":\"ListItem\",\"position\":2,\"name\":\"Politique de confidentialit\u00e9\"}]},{\"@type\":\"WebSite\",\"@id\":\"https:\\\/\\\/transportwiki.com\\\/es\\\/#website\",\"url\":\"https:\\\/\\\/transportwiki.com\\\/es\\\/\",\"name\":\"Transport Wiki\",\"description\":\"Maps and info\",\"potentialAction\":[{\"@type\":\"SearchAction\",\"target\":{\"@type\":\"EntryPoint\",\"urlTemplate\":\"https:\\\/\\\/transportwiki.com\\\/es\\\/?s={search_term_string}\"},\"query-input\":{\"@type\":\"PropertyValueSpecification\",\"valueRequired\":true,\"valueName\":\"search_term_string\"}}],\"inLanguage\":\"fr-FR\"}]}<\/script>\n<!-- \/ Yoast SEO plugin. -->","yoast_head_json":{"title":"Politique de confidentialit\u00e9 - Transport Wiki","robots":{"index":"noindex","follow":"follow"},"og_locale":"fr_FR","og_type":"article","og_title":"Politique de confidentialit\u00e9 - Transport Wiki","og_description":"Collecte d&#8217;Informations Personnelles et son Objectif Lorsque les visiteurs laissent des commentaires sur notre site, nous recueillons les donn\u00e9es affich\u00e9es dans le formulaire de commentaires, ainsi que l&#8217;adresse IP du &hellip;","og_url":"https:\/\/transportwiki.com\/fr\/politique-de-confidentialite\/","og_site_name":"Transport Wiki","twitter_card":"summary_large_image","schema":{"@context":"https:\/\/schema.org","@graph":[{"@type":"WebPage","@id":"https:\/\/transportwiki.com\/fr\/politique-de-confidentialite\/","url":"https:\/\/transportwiki.com\/fr\/politique-de-confidentialite\/","name":"Politique de confidentialit\u00e9 - Transport Wiki","isPartOf":{"@id":"https:\/\/transportwiki.com\/es\/#website"},"datePublished":"2023-10-28T19:02:46+00:00","breadcrumb":{"@id":"https:\/\/transportwiki.com\/fr\/politique-de-confidentialite\/#breadcrumb"},"inLanguage":"fr-FR","potentialAction":[{"@type":"ReadAction","target":["https:\/\/transportwiki.com\/fr\/politique-de-confidentialite\/"]}]},{"@type":"BreadcrumbList","@id":"https:\/\/transportwiki.com\/fr\/politique-de-confidentialite\/#breadcrumb","itemListElement":[{"@type":"ListItem","position":1,"name":"Accueil","item":"https:\/\/transportwiki.com\/es\/"},{"@type":"ListItem","position":2,"name":"Politique de confidentialit\u00e9"}]},{"@type":"WebSite","@id":"https:\/\/transportwiki.com\/es\/#website","url":"https:\/\/transportwiki.com\/es\/","name":"Transport Wiki","description":"Maps and info","potentialAction":[{"@type":"SearchAction","target":{"@type":"EntryPoint","urlTemplate":"https:\/\/transportwiki.com\/es\/?s={search_term_string}"},"query-input":{"@type":"PropertyValueSpecification","valueRequired":true,"valueName":"search_term_string"}}],"inLanguage":"fr-FR"}]}},"_links":{"self":[{"href":"https:\/\/transportwiki.com\/fr\/wp-json\/wp\/v2\/pages\/2654","targetHints":{"allow":["GET"]}}],"collection":[{"href":"https:\/\/transportwiki.com\/fr\/wp-json\/wp\/v2\/pages"}],"about":[{"href":"https:\/\/transportwiki.com\/fr\/wp-json\/wp\/v2\/types\/page"}],"author":[{"embeddable":true,"href":"https:\/\/transportwiki.com\/fr\/wp-json\/wp\/v2\/users\/1"}],"replies":[{"embeddable":true,"href":"https:\/\/transportwiki.com\/fr\/wp-json\/wp\/v2\/comments?post=2654"}],"version-history":[{"count":2,"href":"https:\/\/transportwiki.com\/fr\/wp-json\/wp\/v2\/pages\/2654\/revisions"}],"predecessor-version":[{"id":2665,"href":"https:\/\/transportwiki.com\/fr\/wp-json\/wp\/v2\/pages\/2654\/revisions\/2665"}],"wp:attachment":[{"href":"https:\/\/transportwiki.com\/fr\/wp-json\/wp\/v2\/media?parent=2654"}],"curies":[{"name":"wp","href":"https:\/\/api.w.org\/{rel}","templated":true}]}}