{"id":2658,"date":"2023-10-28T18:59:30","date_gmt":"2023-10-28T18:59:30","guid":{"rendered":"https:\/\/transportwiki.com\/?page_id=2658"},"modified":"2023-10-28T18:59:30","modified_gmt":"2023-10-28T18:59:30","slug":"politica-sulla-riservatezza","status":"publish","type":"page","link":"https:\/\/transportwiki.com\/it\/politica-sulla-riservatezza\/","title":{"rendered":"Politica sulla riservatezza"},"content":{"rendered":"<h2>Raccolta di informazioni personali e relative finalit\u00e0<\/h2>\n<p>Quando i visitatori lasciano commenti sul nostro sito web, raccogliamo i dati mostrati nel modulo dei commenti, oltre all&#8217;indirizzo IP del visitatore (abbreviato e anonimizzato) e alla stringa dell&#8217;agente utente del browser, per aiutare nella rilevazione dello spam.<\/p>\n<h3>Dove rivolgere le vostre richieste<\/h3>\n<p>Per qualsiasi domanda riguardante la privacy, potete contattarci all&#8217;indirizzo: info@transportwiki.com<\/p>\n<p>Tutte le informazioni sono conservate sui nostri server <a href=\"https:\/\/www.ovh.es\/proteccion-datos-personales\/\" target=\"_blank\" rel=\"noopener noreferrer\">OVH<\/a> in Europa e non vengono condivise con terzi.<\/p>\n<p>&nbsp;<\/p>\n<h2>A chi vengono comunicati i vostri dati?<\/h2>\n<p>Per fornire servizi essenziali per il funzionamento di transportwiki.com, condividiamo i dati con i seguenti fornitori, in conformit\u00e0 con le loro rispettive politiche sulla privacy:<\/p>\n<p><a href=\"https:\/\/www.google.es\/intl\/es\/analytics\/\" target=\"_blank\" rel=\"noopener noreferrer\">Google Analytics<\/a>: Utilizziamo Google Analytics con l&#8217;opzione di troncare l&#8217;ultimo ottetto dell&#8217;IP, in modo che venga anonimizzato sui server di Google. Google Analytics \u00e8 un servizio di analisi web fornito da Google, Inc., una societ\u00e0 del Delaware con sede in 1600 Amphitheatre Parkway, Mountain View (California), CA 94043, USA (&#8220;Google&#8221;).<\/p>\n<p>Google Analytics utilizza &#8220;cookie&#8221;, che sono file di testo depositati sul vostro computer, per aiutare il sito web transportwiki.com a analizzare come gli utenti utilizzano il sito.<\/p>\n<p>Le informazioni generate dal cookie sull&#8217;utilizzo del sito web transportwiki.com (compreso il vostro indirizzo IP) saranno trasmesse ed immagazzinate da Google su server negli Stati Uniti. Se non volete che Google Analytics utilizzi i vostri dati, potete utilizzare <a href=\"https:\/\/tools.google.com\/dlpage\/gaoptout\" target=\"_blank\" rel=\"noopener noreferrer\">questo add-on<\/a>. La conservazione dei dati utente ed evento in Google Analytics \u00e8 di: 14 mesi.<\/p>\n<p><a href=\"https:\/\/policies.google.com\/privacy\">Politica sulla privacy di Google<\/a>.<\/p>\n<p><a href=\"https:\/\/www.google.es\/adsense\/\" target=\"_blank\" rel=\"noopener noreferrer\">Google AdSense<\/a>: Il nostro sito fornisce contenuti gratuiti attraverso il sistema pubblicitario di Google AdSense. Scegliamo di NON SERVIRE ANNUNCI PERSONALIZZATI, MA SOLO CONTESTUALI. Questo tipo di pubblicit\u00e0 utilizza anche cookie essenziali per determinare la frequenza e prevenire frodi.<\/p>\n<p>Su transportwiki.com collaboriamo con Google AdSense (Google) per mostrare annunci agli utenti che visitano il nostro sito. In collaborazione con Google, vengono utilizzati cookie per mostrare annunci basati sulle ricerche recenti dell&#8217;utente e suggerire annunci pi\u00f9 pertinenti.<\/p>\n<p>Questi cookie includono servizi di terze parti come: AdSense, AdWords e Google Analytics, oltre a alcuni servizi di marca DoubleClick. Quando visitate il nostro sito, questi servizi inviano cookie al vostro browser. Scopri di pi\u00f9 sui <a href=\"https:\/\/www.google.es\/intl\/es\/policies\/technologies\/types\/\" target=\"_blank\" rel=\"noopener noreferrer\">tipi di cookie utilizzati da Google<\/a> e su <a href=\"https:\/\/www.google.es\/intl\/es\/policies\/technologies\/cookies\/\" target=\"_blank\" rel=\"noopener noreferrer\">come Google utilizza questi cookie<\/a>.<\/p>\n<p>Ricorda che puoi utilizzare le <a href=\"https:\/\/adssettings.google.com\/authenticated?hl=es\" target=\"_blank\" rel=\"noopener noreferrer\">impostazioni annunci<\/a> per controllare gli annunci Google che vuoi vedere e quelli che non vuoi, in base ai tuoi interessi. Anche se scegli di non ricevere questi tipi di annunci, potrebbero comunque essere mostrati in base a fattori come la tua posizione generale, derivata dall&#8217;indirizzo IP, il tipo di browser e le ricerche recenti e precedenti correlate alla tua ricerca corrente.<\/p>\n<p>Maggiori informazioni su <a href=\"https:\/\/support.google.com\/adsense\/answer\/7549925?hl=es\">Google AdSense<\/a>.<\/p>\n<p><a href=\"https:\/\/policies.google.com\/technologies\/ads\">Politica sulla privacy di Google AdSense<\/a>.<\/p>\n<p><a href=\"https:\/\/support.google.com\/adsense\/answer\/9012903\">Terzi con cui Google condivide i vostri dati quando vengono utilizzati annunci personalizzati<\/a>.<\/p>\n<p><a href=\"https:\/\/policies.google.com\/technologies\/partner-sites\">Gestione dei dati nei prodotti pubblicitari di Google<\/a>.<\/p>\n<p><a href=\"https:\/\/adssettings.google.com\/\">Controlla le informazioni che Google utilizza per mostrarti gli annunci<\/a>.<\/p>\n<h2>Collegamenti a siti web esterni<\/h2>\n<p>Il nostro sito potrebbe contenere link ad altri siti di interesse. Tuttavia, una volta che avete utilizzato questi link per lasciare il nostro sito, dovreste notare che non abbiamo alcun controllo su quel sito web esterno. Pertanto, non possiamo essere responsabili della protezione e della privacy delle informazioni che fornite visitando tali siti e tali siti non sono governati da questa dichiarazione sulla privacy. Dovreste fare attenzione e consultare la dichiarazione sulla privacy applicabile al sito in questione.<\/p>\n<h2>Conservazione dei dati<\/h2>\n<p>Se lasciate un commento, il commento e i suoi metadati vengono conservati a tempo indeterminato. Questo vale anche per le richieste fatte tramite il modulo di contatto. Ci\u00f2 ci permette di riconoscere e approvare automaticamente eventuali commenti successivi invece di tenerli in una coda di moderazione. Tuttavia, potete richiedere in qualsiasi momento la cancellazione dei vostri dati.<\/p>\n<h2>Diritti sui vostri dati<\/h2>\n<p>Se avete lasciato commenti su questo sito, potete richiedere di ricevere un file esportato con i dati personali che abbiamo su di voi, compresi qualsiasi dato che ci avete fornito. Potete anche richiedere che cancelliamo tutti i dati personali che abbiamo su di voi. Questo non include dati che siamo obbligati a conservare per motivi amministrativi, legali o di sicurezza.<\/p>\n<h2>Modifiche a questa informativa sulla privacy<\/h2>\n<p>Ci riserviamo il diritto di modificare questa informativa sulla privacy in qualsiasi momento. Pertanto, vi invitiamo a consultare regolarmente questa pagina per essere sempre aggiornati.<\/p>\n<h2>Contatto<\/h2>\n<p>Se avete domande riguardo a questa informativa sulla privacy o ai dati che conserviamo su di voi, o se desiderate esercitare i vostri diritti in materia di protezione dei dati personali, potete contattarci all&#8217;indirizzo e-mail seguente: info@transportwiki.com<\/p>\n<h2>I TUOI DIRITTI IN RELAZIONE AL TRATTAMENTO DEI TUOI DATI PERSONALI<\/h2>\n<p>Come abbiamo precedentemente menzionato, non conserviamo dati personali, ma se in qualche momento lo facessimo e secondo la normativa applicabile, avresti una serie di diritti in relazione alla raccolta e al trattamento dei tuoi dati personali.<\/p>\n<p>L&#8217;esercizio di questi diritti sar\u00e0 gratuito per te, tranne nei casi in cui vengano formulate richieste manifestamente infondate o eccessive, specialmente se ripetitive.<\/p>\n<p>Questi diritti includono:<\/p>\n<p>Diritto all&#8217;informazione: Hai il diritto di essere informato in modo conciso, trasparente, comprensibile e facilmente accessibile, con un linguaggio chiaro e semplice, sull&#8217;utilizzo e il trattamento dei tuoi dati personali.<\/p>\n<p>Diritto di accesso: Hai il diritto di chiederci in qualsiasi momento di confermare se stiamo trattando i tuoi dati personali, di fornirti l&#8217;accesso a tali dati e alle informazioni sul loro trattamento, e di ottenere una copia di tali dati. La copia dei tuoi dati personali che ti forniremo sar\u00e0 gratuita, ma la richiesta di copie aggiuntive potrebbe essere soggetta al pagamento di un importo ragionevole basato sui costi amministrativi. Da parte nostra, potremo chiederti di dimostrare la tua identit\u00e0 o fornirci ulteriori informazioni necessarie per gestire la tua richiesta.<\/p>\n<p>Diritto di rettifica: Hai il diritto di chiedere la rettifica dei dati personali che ti riguardano che siano inesatti, non aggiornati o incompleti. Puoi anche chiedere che i dati personali incompleti siano integrati, anche mediante una dichiarazione supplementare.<\/p>\n<p>Diritto di cancellazione &#8211; diritto all&#8217;oblio: Hai il diritto di chiedere la cancellazione dei tuoi dati personali quando, tra gli altri motivi e sempre e quando viene effettuata una valutazione di proporzionalit\u00e0, i dati non sono pi\u00f9 necessari per gli scopi per i quali sono stati raccolti e non riguardano fatti o eventi attuali e prevale il diritto all&#8217;informazione.<\/p>\n<p>Diritto di limitare il trattamento: Hai il diritto di chiedere la limitazione del trattamento dei tuoi dati personali, il che significa che possiamo continuare a conservarli, ma non a trattarli, se si verifica una delle seguenti condizioni:<\/p>\n<ul>\n<li>se contesti l&#8217;esattezza dei dati, per un periodo che permetta al titolare di verificare l&#8217;esattezza degli stessi; se il trattamento \u00e8 illecito e ti opponi alla cancellazione dei dati e chiedi invece la limitazione del loro utilizzo;<\/li>\n<li>se ti sei opposto al trattamento, mentre si verifica se le ragioni legittime del sito prevalgono sulle tue.<\/li>\n<\/ul>\n<p>Diritto alla portabilit\u00e0 dei dati: Hai il diritto che i tuoi dati vengano trasmessi ad un altro titolare del trattamento in un formato strutturato, di uso comune e leggibile meccanicamente. Questo diritto si applica quando il trattamento dei tuoi dati personali si basa sul consenso o sull&#8217;esecuzione di un contratto e tale trattamento viene effettuato attraverso mezzi automatizzati.<\/p>\n<p>Diritto di opposizione: Questo diritto ti consente di opporsi al trattamento dei tuoi dati personali, compresa la profilazione. Non potremo rispettare il tuo diritto solo quando trattiamo i tuoi dati nel caso in cui dimostriamo motivi legittimi e cogenti per il trattamento o per la formulazione, l&#8217;esercizio o la difesa di reclami.<\/p>\n<p>Diritto di revocare il consenso: Nei casi in cui abbiamo ottenuto il tuo consenso per il trattamento dei tuoi dati personali per determinate attivit\u00e0 (ad esempio, per inviarti informazioni commerciali), puoi ritirarlo in qualsiasi momento.<\/p>\n<p>Diritto di presentare un reclamo all&#8217;autorit\u00e0 di controllo:<br \/>\nPuoi esercitare i tuoi diritti inviandoci una comunicazione tramite il modulo di contatto, allegando un documento che attesti la tua identit\u00e0 e fornendo i dettagli necessari per processare la tua richiesta.<\/p>\n<h2>Gestione delle tue informazioni personali<\/h2>\n<p>In qualsiasi momento puoi limitare la raccolta o l&#8217;uso delle informazioni personali fornite al nostro sito web. Ogni volta che ti viene chiesto di compilare un modulo, come quello di registrazione dell&#8217;utente, puoi spuntare o deselezionare l&#8217;opzione di ricevere informazioni via email.<\/p>\n<p>Se hai selezionato l&#8217;opzione di ricevere la nostra newsletter o pubblicit\u00e0, puoi cancellarla in qualsiasi momento.<\/p>\n<p>Questa azienda non vender\u00e0, ceder\u00e0 n\u00e9 distribuir\u00e0 le informazioni personali raccolte senza il tuo consenso, a meno che non sia richiesto da un giudice con un&#8217;ordinanza giudiziaria.<\/p>\n<p><strong>Questo sito<\/strong> si riserva il diritto di modificare i termini della presente Politica sulla Privacy in qualsiasi momento.<\/p>\n","protected":false},"excerpt":{"rendered":"<p>Raccolta di informazioni personali e relative finalit\u00e0 Quando i visitatori lasciano commenti sul nostro sito web, raccogliamo i dati mostrati nel modulo dei commenti, oltre all&#8217;indirizzo IP del visitatore (abbreviato &hellip; <\/p>\n","protected":false},"author":1,"featured_media":0,"parent":0,"menu_order":0,"comment_status":"closed","ping_status":"closed","template":"","meta":{"footnotes":""},"class_list":["post-2658","page","type-page","status-publish","hentry"],"yoast_head":"<!-- This site is optimized with the Yoast SEO plugin v27.3 - https:\/\/yoast.com\/product\/yoast-seo-wordpress\/ -->\n<title>Politica sulla riservatezza - Transport Wiki<\/title>\n<meta name=\"robots\" content=\"noindex, follow\" \/>\n<meta property=\"og:locale\" content=\"it_IT\" \/>\n<meta property=\"og:type\" content=\"article\" \/>\n<meta property=\"og:title\" content=\"Politica sulla riservatezza - Transport Wiki\" \/>\n<meta property=\"og:description\" content=\"Raccolta di informazioni personali e relative finalit\u00e0 Quando i visitatori lasciano commenti sul nostro sito web, raccogliamo i dati mostrati nel modulo dei commenti, oltre all&#8217;indirizzo IP del visitatore (abbreviato &hellip;\" \/>\n<meta property=\"og:url\" content=\"https:\/\/transportwiki.com\/it\/politica-sulla-riservatezza\/\" \/>\n<meta property=\"og:site_name\" content=\"Transport Wiki\" \/>\n<meta name=\"twitter:card\" content=\"summary_large_image\" \/>\n<script type=\"application\/ld+json\" class=\"yoast-schema-graph\">{\"@context\":\"https:\\\/\\\/schema.org\",\"@graph\":[{\"@type\":\"WebPage\",\"@id\":\"https:\\\/\\\/transportwiki.com\\\/it\\\/politica-sulla-riservatezza\\\/\",\"url\":\"https:\\\/\\\/transportwiki.com\\\/it\\\/politica-sulla-riservatezza\\\/\",\"name\":\"Politica sulla riservatezza - Transport Wiki\",\"isPartOf\":{\"@id\":\"https:\\\/\\\/transportwiki.com\\\/es\\\/#website\"},\"datePublished\":\"2023-10-28T18:59:30+00:00\",\"breadcrumb\":{\"@id\":\"https:\\\/\\\/transportwiki.com\\\/it\\\/politica-sulla-riservatezza\\\/#breadcrumb\"},\"inLanguage\":\"it-IT\",\"potentialAction\":[{\"@type\":\"ReadAction\",\"target\":[\"https:\\\/\\\/transportwiki.com\\\/it\\\/politica-sulla-riservatezza\\\/\"]}]},{\"@type\":\"BreadcrumbList\",\"@id\":\"https:\\\/\\\/transportwiki.com\\\/it\\\/politica-sulla-riservatezza\\\/#breadcrumb\",\"itemListElement\":[{\"@type\":\"ListItem\",\"position\":1,\"name\":\"Accueil\",\"item\":\"https:\\\/\\\/transportwiki.com\\\/es\\\/\"},{\"@type\":\"ListItem\",\"position\":2,\"name\":\"Politica sulla riservatezza\"}]},{\"@type\":\"WebSite\",\"@id\":\"https:\\\/\\\/transportwiki.com\\\/es\\\/#website\",\"url\":\"https:\\\/\\\/transportwiki.com\\\/es\\\/\",\"name\":\"Transport Wiki\",\"description\":\"Maps and info\",\"potentialAction\":[{\"@type\":\"SearchAction\",\"target\":{\"@type\":\"EntryPoint\",\"urlTemplate\":\"https:\\\/\\\/transportwiki.com\\\/es\\\/?s={search_term_string}\"},\"query-input\":{\"@type\":\"PropertyValueSpecification\",\"valueRequired\":true,\"valueName\":\"search_term_string\"}}],\"inLanguage\":\"it-IT\"}]}<\/script>\n<!-- \/ Yoast SEO plugin. -->","yoast_head_json":{"title":"Politica sulla riservatezza - Transport Wiki","robots":{"index":"noindex","follow":"follow"},"og_locale":"it_IT","og_type":"article","og_title":"Politica sulla riservatezza - Transport Wiki","og_description":"Raccolta di informazioni personali e relative finalit\u00e0 Quando i visitatori lasciano commenti sul nostro sito web, raccogliamo i dati mostrati nel modulo dei commenti, oltre all&#8217;indirizzo IP del visitatore (abbreviato &hellip;","og_url":"https:\/\/transportwiki.com\/it\/politica-sulla-riservatezza\/","og_site_name":"Transport Wiki","twitter_card":"summary_large_image","schema":{"@context":"https:\/\/schema.org","@graph":[{"@type":"WebPage","@id":"https:\/\/transportwiki.com\/it\/politica-sulla-riservatezza\/","url":"https:\/\/transportwiki.com\/it\/politica-sulla-riservatezza\/","name":"Politica sulla riservatezza - Transport Wiki","isPartOf":{"@id":"https:\/\/transportwiki.com\/es\/#website"},"datePublished":"2023-10-28T18:59:30+00:00","breadcrumb":{"@id":"https:\/\/transportwiki.com\/it\/politica-sulla-riservatezza\/#breadcrumb"},"inLanguage":"it-IT","potentialAction":[{"@type":"ReadAction","target":["https:\/\/transportwiki.com\/it\/politica-sulla-riservatezza\/"]}]},{"@type":"BreadcrumbList","@id":"https:\/\/transportwiki.com\/it\/politica-sulla-riservatezza\/#breadcrumb","itemListElement":[{"@type":"ListItem","position":1,"name":"Accueil","item":"https:\/\/transportwiki.com\/es\/"},{"@type":"ListItem","position":2,"name":"Politica sulla riservatezza"}]},{"@type":"WebSite","@id":"https:\/\/transportwiki.com\/es\/#website","url":"https:\/\/transportwiki.com\/es\/","name":"Transport Wiki","description":"Maps and info","potentialAction":[{"@type":"SearchAction","target":{"@type":"EntryPoint","urlTemplate":"https:\/\/transportwiki.com\/es\/?s={search_term_string}"},"query-input":{"@type":"PropertyValueSpecification","valueRequired":true,"valueName":"search_term_string"}}],"inLanguage":"it-IT"}]}},"_links":{"self":[{"href":"https:\/\/transportwiki.com\/it\/wp-json\/wp\/v2\/pages\/2658","targetHints":{"allow":["GET"]}}],"collection":[{"href":"https:\/\/transportwiki.com\/it\/wp-json\/wp\/v2\/pages"}],"about":[{"href":"https:\/\/transportwiki.com\/it\/wp-json\/wp\/v2\/types\/page"}],"author":[{"embeddable":true,"href":"https:\/\/transportwiki.com\/it\/wp-json\/wp\/v2\/users\/1"}],"replies":[{"embeddable":true,"href":"https:\/\/transportwiki.com\/it\/wp-json\/wp\/v2\/comments?post=2658"}],"version-history":[{"count":2,"href":"https:\/\/transportwiki.com\/it\/wp-json\/wp\/v2\/pages\/2658\/revisions"}],"predecessor-version":[{"id":2663,"href":"https:\/\/transportwiki.com\/it\/wp-json\/wp\/v2\/pages\/2658\/revisions\/2663"}],"wp:attachment":[{"href":"https:\/\/transportwiki.com\/it\/wp-json\/wp\/v2\/media?parent=2658"}],"curies":[{"name":"wp","href":"https:\/\/api.w.org\/{rel}","templated":true}]}}