{"id":2660,"date":"2023-10-28T18:57:45","date_gmt":"2023-10-28T18:57:45","guid":{"rendered":"https:\/\/transportwiki.com\/?page_id=2660"},"modified":"2023-10-28T18:57:45","modified_gmt":"2023-10-28T18:57:45","slug":"politica-de-privacidade","status":"publish","type":"page","link":"https:\/\/transportwiki.com\/pt-br\/politica-de-privacidade\/","title":{"rendered":"Pol\u00edtica de Privacidade"},"content":{"rendered":"<h2>Coleta de informa\u00e7\u00f5es pessoais e prop\u00f3sitos relacionados<\/h2>\n<p>Quando os visitantes deixam coment\u00e1rios em nosso site, coletamos os dados exibidos no formul\u00e1rio de coment\u00e1rios, al\u00e9m do endere\u00e7o IP do visitante (abreviado e anonimizado) e da string do agente do usu\u00e1rio do navegador, para ajudar na detec\u00e7\u00e3o de spam.<\/p>\n<h3>Para onde enviar suas solicita\u00e7\u00f5es<\/h3>\n<p>Para qualquer pergunta sobre privacidade, voc\u00ea pode nos contatar no endere\u00e7o: info@transportwiki.com<\/p>\n<p>Todas as informa\u00e7\u00f5es s\u00e3o armazenadas em nossos servidores <a href=\"https:\/\/www.ovh.es\/proteccion-datos-personales\/\" target=\"_blank\" rel=\"noopener noreferrer\">OVH<\/a> na Europa e n\u00e3o s\u00e3o compartilhadas com terceiros.<\/p>\n<p>&nbsp;<\/p>\n<h2>Para quem seus dados s\u00e3o comunicados?<\/h2>\n<p>Para fornecer servi\u00e7os essenciais para o funcionamento de transportwiki.com, compartilhamos dados com os seguintes provedores, de acordo com suas respectivas pol\u00edticas de privacidade:<\/p>\n<p><a href=\"https:\/\/www.google.es\/intl\/es\/analytics\/\" target=\"_blank\" rel=\"noopener noreferrer\">Google Analytics<\/a>: Usamos o Google Analytics com a op\u00e7\u00e3o de truncar o \u00faltimo octeto do IP, para que ele seja anonimizado nos servidores do Google. Google Analytics \u00e9 um servi\u00e7o de an\u00e1lise da web fornecido pela Google, Inc., uma empresa de Delaware localizada em 1600 Amphitheatre Parkway, Mountain View (Calif\u00f3rnia), CA 94043, EUA (&#8220;Google&#8221;).<\/p>\n<p>O Google Analytics usa &#8220;cookies&#8221;, que s\u00e3o arquivos de texto colocados no seu computador, para ajudar o site transportwiki.com a analisar como os usu\u00e1rios usam o site.<\/p>\n<p>As informa\u00e7\u00f5es geradas pelo cookie sobre o uso do site transportwiki.com (incluindo seu endere\u00e7o IP) ser\u00e3o transmitidas e armazenadas pelo Google em servidores nos Estados Unidos. Se voc\u00ea n\u00e3o quer que o Google Analytics use seus dados, voc\u00ea pode usar <a href=\"https:\/\/tools.google.com\/dlpage\/gaoptout\" target=\"_blank\" rel=\"noopener noreferrer\">este complemento<\/a>. O per\u00edodo de reten\u00e7\u00e3o de dados do usu\u00e1rio e evento no Google Analytics \u00e9 de 14 meses.<\/p>\n<p><a href=\"https:\/\/policies.google.com\/privacy\">Pol\u00edtica de privacidade do Google<\/a>.<\/p>\n<p><a href=\"https:\/\/www.google.es\/adsense\/\" target=\"_blank\" rel=\"noopener noreferrer\">Google AdSense<\/a>: Nosso site fornece conte\u00fado gratuito atrav\u00e9s do sistema de publicidade do Google AdSense. Optamos por N\u00c3O SERVIR AN\u00daNCIOS PERSONALIZADOS, MAS APENAS CONTEXTUAIS. Este tipo de publicidade tamb\u00e9m usa cookies essenciais para determinar frequ\u00eancia e prevenir fraudes.<\/p>\n<p>Em transportwiki.com, trabalhamos com o Google AdSense (Google) para mostrar an\u00fancios aos usu\u00e1rios que visitam nosso site. Em colabora\u00e7\u00e3o com o Google, cookies s\u00e3o usados para mostrar an\u00fancios com base nas pesquisas recentes do usu\u00e1rio e sugerir an\u00fancios mais relevantes.<\/p>\n<p>Estes cookies incluem servi\u00e7os de terceiros como: AdSense, AdWords e Google Analytics, al\u00e9m de alguns servi\u00e7os da marca DoubleClick. Ao visitar nosso site, esses servi\u00e7os enviam cookies para o seu navegador. Saiba mais sobre os <a href=\"https:\/\/www.google.es\/intl\/es\/policies\/technologies\/types\/\" target=\"_blank\" rel=\"noopener noreferrer\">tipos de cookies usados pelo Google<\/a> e <a href=\"https:\/\/www.google.es\/intl\/es\/policies\/technologies\/cookies\/\" target=\"_blank\" rel=\"noopener noreferrer\">como o Google usa esses cookies<\/a>.<\/p>\n<p>Lembre-se de que voc\u00ea pode usar as <a href=\"https:\/\/adssettings.google.com\/authenticated?hl=es\" target=\"_blank\" rel=\"noopener noreferrer\">configura\u00e7\u00f5es de an\u00fancios<\/a> para controlar os an\u00fancios do Google que voc\u00ea deseja ver e os que n\u00e3o deseja, com base em seus interesses. Mesmo que voc\u00ea escolha n\u00e3o receber esses tipos de an\u00fancios, eles ainda podem ser exibidos com base em fatores como sua localiza\u00e7\u00e3o geral, derivada do endere\u00e7o IP, o tipo de navegador e as pesquisas recentes e anteriores relacionadas \u00e0 sua pesquisa atual.<\/p>\n<p>Saiba mais sobre <a href=\"https:\/\/support.google.com\/adsense\/answer\/7549925?hl=es\">Google AdSense<\/a>.<\/p>\n<p><a href=\"https:\/\/policies.google.com\/technologies\/ads\">Pol\u00edtica de privacidade do Google AdSense<\/a>.<\/p>\n<p><a href=\"https:\/\/support.google.com\/adsense\/answer\/9012903\">Terceiros com quem o Google compartilha seus dados ao usar an\u00fancios personalizados<\/a>.<\/p>\n<p><a href=\"https:\/\/policies.google.com\/technologies\/partner-sites\">Gest\u00e3o de dados nos produtos publicit\u00e1rios do Google<\/a>.<\/p>\n<p><a href=\"https:\/\/adssettings.google.com\/\">Controle as informa\u00e7\u00f5es que o Google usa para mostrar an\u00fancios<\/a>.<\/p>\n<h2>Links para sites externos<\/h2>\n<p>Nosso site pode conter links para outros sites de interesse. No entanto, uma vez que voc\u00ea tenha usado esses links para sair do nosso site, voc\u00ea deve observar que n\u00e3o temos controle sobre esse site externo. Portanto, n\u00e3o podemos ser respons\u00e1veis pela prote\u00e7\u00e3o e privacidade das informa\u00e7\u00f5es que voc\u00ea fornece ao visitar tais sites e tais sites n\u00e3o s\u00e3o regidos por esta declara\u00e7\u00e3o de privacidade. Voc\u00ea deve ter cuidado e consultar a declara\u00e7\u00e3o de privacidade aplic\u00e1vel ao site em quest\u00e3o.<\/p>\n<h2>Conserva\u00e7\u00e3o de dados<\/h2>\n<p>Se voc\u00ea deixar um coment\u00e1rio, o coment\u00e1rio e seus metadados s\u00e3o retidos indefinidamente. Isso tamb\u00e9m se aplica a pedidos feitos atrav\u00e9s do formul\u00e1rio de contato. Isso nos permite reconhecer e aprovar automaticamente quaisquer coment\u00e1rios subsequentes em vez de mant\u00ea-los em uma fila de modera\u00e7\u00e3o. No entanto, voc\u00ea pode solicitar a exclus\u00e3o de seus dados a qualquer momento.<\/p>\n<h2>Direitos sobre seus dados<\/h2>\n<p>Se voc\u00ea deixou coment\u00e1rios neste site, voc\u00ea pode solicitar receber um arquivo exportado com os dados pessoais que temos sobre voc\u00ea, incluindo quaisquer dados que voc\u00ea nos forneceu. Voc\u00ea tamb\u00e9m pode solicitar que apaguemos todos os dados pessoais que temos sobre voc\u00ea. Isso n\u00e3o inclui dados que somos obrigados a manter para fins administrativos, legais ou de seguran\u00e7a.<\/p>\n<h2>Mudan\u00e7as nesta pol\u00edtica de privacidade<\/h2>\n<p>Reservamo-nos o direito de modificar esta pol\u00edtica de privacidade a qualquer momento. Portanto, pedimos que voc\u00ea revise esta p\u00e1gina regularmente para estar sempre atualizado.<\/p>\n<h2>Contato<\/h2>\n<p>Se voc\u00ea tem perguntas sobre esta pol\u00edtica de privacidade ou sobre os dados que mantemos sobre voc\u00ea, ou se deseja exercer seus direitos em rela\u00e7\u00e3o \u00e0 prote\u00e7\u00e3o de dados pessoais, voc\u00ea pode nos contatar no seguinte endere\u00e7o de e-mail: info@transportwiki.com<\/p>\n<h2>SEUS DIREITOS EM RELA\u00c7\u00c3O AO TRATAMENTO DE SEUS DADOS PESSOAIS<\/h2>\n<p>Como mencionamos anteriormente, n\u00e3o armazenamos dados pessoais, mas se em algum momento o fiz\u00e9ssemos e conforme a regulamenta\u00e7\u00e3o aplic\u00e1vel, voc\u00ea teria uma s\u00e9rie de direitos em rela\u00e7\u00e3o \u00e0 coleta e ao tratamento de seus dados pessoais.<\/p>\n<p>O exerc\u00edcio desses direitos ser\u00e1 gratuito para voc\u00ea, exceto nos casos em que solicita\u00e7\u00f5es manifestamente infundadas ou excessivas sejam feitas, especialmente se repetitivas.<\/p>\n<p>Estes direitos incluem:<\/p>\n<p>Direito \u00e0 informa\u00e7\u00e3o: Voc\u00ea tem o direito de ser informado de forma concisa, transparente, intelig\u00edvel e de f\u00e1cil acesso, com uma linguagem clara e simples, sobre a utiliza\u00e7\u00e3o e tratamento dos seus dados pessoais.<\/p>\n<p>Direito de acesso: Voc\u00ea tem o direito de nos pedir a qualquer momento que confirme se estamos tratando seus dados pessoais, de nos permitir acesso a eles e informa\u00e7\u00f5es sobre seu tratamento, e de obter uma c\u00f3pia desses dados. A c\u00f3pia de seus dados pessoais que fornecemos ser\u00e1 gratuita, embora a solicita\u00e7\u00e3o de c\u00f3pias adicionais possa estar sujeita \u00e0 cobran\u00e7a de um valor razo\u00e1vel com base nos custos administrativos. Da nossa parte, podemos pedir que voc\u00ea prove sua identidade ou nos forne\u00e7a mais informa\u00e7\u00f5es necess\u00e1rias para processar seu pedido.<\/p>\n<p>Direito de retifica\u00e7\u00e3o: Voc\u00ea tem o direito de solicitar a corre\u00e7\u00e3o dos dados pessoais que est\u00e3o imprecisos, desatualizados ou incompletos que lhe dizem respeito. Voc\u00ea tamb\u00e9m pode solicitar que os dados pessoais que est\u00e3o incompletos sejam completados, at\u00e9 mesmo por meio de uma declara\u00e7\u00e3o adicional.<\/p>\n<p>Direito de exclus\u00e3o -direito ao esquecimento- : Voc\u00ea tem o direito de solicitar a exclus\u00e3o de seus dados pessoais quando, entre outras raz\u00f5es, e desde que se fa\u00e7a um julgamento de proporcionalidade, os dados j\u00e1 n\u00e3o sejam necess\u00e1rios para os fins para os quais foram coletados e n\u00e3o estejam relacionados a eventos ou not\u00edcias atuais e prevale\u00e7a o direito \u00e0 informa\u00e7\u00e3o.<\/p>\n<p>Direito de limitar o tratamento: Voc\u00ea tem o direito de solicitar que limitemos o tratamento de seus dados pessoais, o que significa que podemos continuar armazenando-os, mas n\u00e3o continuar tratando-os se alguma das seguintes condi\u00e7\u00f5es for atendida:<\/p>\n<ul>\n<li>se voc\u00ea contestar a exatid\u00e3o dos dados, por um per\u00edodo que permita ao respons\u00e1vel verificar a exatid\u00e3o dos mesmos; o tratamento for il\u00edcito e voc\u00ea se opuser \u00e0 exclus\u00e3o dos dados e solicitar, em vez disso, a limita\u00e7\u00e3o de seu uso;<\/li>\n<li>se voc\u00ea se op\u00f4s ao tratamento, enquanto se verifica se os motivos leg\u00edtimos do site prevalecem sobre os seus.<\/li>\n<\/ul>\n<p>Direito \u00e0 portabilidade dos dados: Voc\u00ea tem o direito de que seus dados sejam transmitidos para outro respons\u00e1vel pelo tratamento em um formato estruturado, de uso comum e leitura mec\u00e2nica. Esse direito se aplica quando o tratamento de seus dados pessoais \u00e9 baseado no consentimento ou na execu\u00e7\u00e3o de um contrato e esse tratamento \u00e9 feito por meios automatizados.<\/p>\n<p>Direito de oposi\u00e7\u00e3o: Este direito permite que voc\u00ea se oponha ao tratamento de seus dados pessoais, incluindo a elabora\u00e7\u00e3o de perfis. N\u00e3o poderemos atender ao seu direito apenas quando processarmos seus dados se demonstrarmos motivos leg\u00edtimos e imperiosos para o tratamento ou para a formula\u00e7\u00e3o, exerc\u00edcio ou defesa de reivindica\u00e7\u00f5es.<\/p>\n<p>Direito de revogar o consentimento: Nos casos em que obtivemos seu consentimento para o tratamento de seus dados pessoais em rela\u00e7\u00e3o a certas atividades (por exemplo, com o objetivo de enviar informa\u00e7\u00f5es comerciais), voc\u00ea pode retir\u00e1-lo a qualquer momento.<\/p>\n<p>Direito de apresentar uma reclama\u00e7\u00e3o a uma autoridade de controle:<br \/>\nVoc\u00ea pode exercer seus direitos enviando-nos uma comunica\u00e7\u00e3o atrav\u00e9s do formul\u00e1rio de contato, acompanhando um documento que comprove sua identidade e fornecendo os detalhes necess\u00e1rios para processar seu pedido.<\/p>\n<h2>Gest\u00e3o de suas informa\u00e7\u00f5es pessoais<\/h2>\n<p>A qualquer momento, voc\u00ea pode restringir a coleta ou o uso das informa\u00e7\u00f5es pessoais fornecidas ao nosso site. Sempre que for solicitado a preencher um formul\u00e1rio, como o de registro do usu\u00e1rio, voc\u00ea pode marcar ou desmarcar a op\u00e7\u00e3o de receber informa\u00e7\u00f5es por e-mail.<\/p>\n<p>Se voc\u00ea marcou a op\u00e7\u00e3o de receber nossa newsletter ou publicidade, pode cancel\u00e1-la a qualquer momento.<\/p>\n<p>Esta empresa n\u00e3o vender\u00e1, ceder\u00e1 nem distribuir\u00e1 as informa\u00e7\u00f5es pessoais coletadas sem o seu consentimento, a menos que seja exigido por um juiz com uma ordem judicial.<\/p>\n<p><strong>Este site<\/strong> reserva-se o direito de alterar os termos desta Pol\u00edtica de Privacidade a qualquer momento.<\/p>\n","protected":false},"excerpt":{"rendered":"<p>Coleta de informa\u00e7\u00f5es pessoais e prop\u00f3sitos relacionados Quando os visitantes deixam coment\u00e1rios em nosso site, coletamos os dados exibidos no formul\u00e1rio de coment\u00e1rios, al\u00e9m do endere\u00e7o IP do visitante (abreviado &hellip; <\/p>\n","protected":false},"author":1,"featured_media":0,"parent":0,"menu_order":0,"comment_status":"closed","ping_status":"closed","template":"","meta":{"footnotes":""},"class_list":["post-2660","page","type-page","status-publish","hentry"],"yoast_head":"<!-- This site is optimized with the Yoast SEO plugin v27.3 - https:\/\/yoast.com\/product\/yoast-seo-wordpress\/ -->\n<title>Pol\u00edtica de Privacidade - Transport Wiki<\/title>\n<meta name=\"robots\" content=\"noindex, follow\" \/>\n<meta property=\"og:locale\" content=\"pt_BR\" \/>\n<meta property=\"og:type\" content=\"article\" \/>\n<meta property=\"og:title\" content=\"Pol\u00edtica de Privacidade - Transport Wiki\" \/>\n<meta property=\"og:description\" content=\"Coleta de informa\u00e7\u00f5es pessoais e prop\u00f3sitos relacionados Quando os visitantes deixam coment\u00e1rios em nosso site, coletamos os dados exibidos no formul\u00e1rio de coment\u00e1rios, al\u00e9m do endere\u00e7o IP do visitante (abreviado &hellip;\" \/>\n<meta property=\"og:url\" content=\"https:\/\/transportwiki.com\/pt-br\/politica-de-privacidade\/\" \/>\n<meta property=\"og:site_name\" content=\"Transport Wiki\" \/>\n<meta name=\"twitter:card\" content=\"summary_large_image\" \/>\n<script type=\"application\/ld+json\" class=\"yoast-schema-graph\">{\"@context\":\"https:\\\/\\\/schema.org\",\"@graph\":[{\"@type\":\"WebPage\",\"@id\":\"https:\\\/\\\/transportwiki.com\\\/pt-br\\\/politica-de-privacidade\\\/\",\"url\":\"https:\\\/\\\/transportwiki.com\\\/pt-br\\\/politica-de-privacidade\\\/\",\"name\":\"Pol\u00edtica de Privacidade - Transport Wiki\",\"isPartOf\":{\"@id\":\"https:\\\/\\\/transportwiki.com\\\/es\\\/#website\"},\"datePublished\":\"2023-10-28T18:57:45+00:00\",\"breadcrumb\":{\"@id\":\"https:\\\/\\\/transportwiki.com\\\/pt-br\\\/politica-de-privacidade\\\/#breadcrumb\"},\"inLanguage\":\"pt-BR\",\"potentialAction\":[{\"@type\":\"ReadAction\",\"target\":[\"https:\\\/\\\/transportwiki.com\\\/pt-br\\\/politica-de-privacidade\\\/\"]}]},{\"@type\":\"BreadcrumbList\",\"@id\":\"https:\\\/\\\/transportwiki.com\\\/pt-br\\\/politica-de-privacidade\\\/#breadcrumb\",\"itemListElement\":[{\"@type\":\"ListItem\",\"position\":1,\"name\":\"Accueil\",\"item\":\"https:\\\/\\\/transportwiki.com\\\/es\\\/\"},{\"@type\":\"ListItem\",\"position\":2,\"name\":\"Pol\u00edtica de Privacidade\"}]},{\"@type\":\"WebSite\",\"@id\":\"https:\\\/\\\/transportwiki.com\\\/es\\\/#website\",\"url\":\"https:\\\/\\\/transportwiki.com\\\/es\\\/\",\"name\":\"Transport Wiki\",\"description\":\"Maps and info\",\"potentialAction\":[{\"@type\":\"SearchAction\",\"target\":{\"@type\":\"EntryPoint\",\"urlTemplate\":\"https:\\\/\\\/transportwiki.com\\\/es\\\/?s={search_term_string}\"},\"query-input\":{\"@type\":\"PropertyValueSpecification\",\"valueRequired\":true,\"valueName\":\"search_term_string\"}}],\"inLanguage\":\"pt-BR\"}]}<\/script>\n<!-- \/ Yoast SEO plugin. -->","yoast_head_json":{"title":"Pol\u00edtica de Privacidade - Transport Wiki","robots":{"index":"noindex","follow":"follow"},"og_locale":"pt_BR","og_type":"article","og_title":"Pol\u00edtica de Privacidade - Transport Wiki","og_description":"Coleta de informa\u00e7\u00f5es pessoais e prop\u00f3sitos relacionados Quando os visitantes deixam coment\u00e1rios em nosso site, coletamos os dados exibidos no formul\u00e1rio de coment\u00e1rios, al\u00e9m do endere\u00e7o IP do visitante (abreviado &hellip;","og_url":"https:\/\/transportwiki.com\/pt-br\/politica-de-privacidade\/","og_site_name":"Transport Wiki","twitter_card":"summary_large_image","schema":{"@context":"https:\/\/schema.org","@graph":[{"@type":"WebPage","@id":"https:\/\/transportwiki.com\/pt-br\/politica-de-privacidade\/","url":"https:\/\/transportwiki.com\/pt-br\/politica-de-privacidade\/","name":"Pol\u00edtica de Privacidade - Transport Wiki","isPartOf":{"@id":"https:\/\/transportwiki.com\/es\/#website"},"datePublished":"2023-10-28T18:57:45+00:00","breadcrumb":{"@id":"https:\/\/transportwiki.com\/pt-br\/politica-de-privacidade\/#breadcrumb"},"inLanguage":"pt-BR","potentialAction":[{"@type":"ReadAction","target":["https:\/\/transportwiki.com\/pt-br\/politica-de-privacidade\/"]}]},{"@type":"BreadcrumbList","@id":"https:\/\/transportwiki.com\/pt-br\/politica-de-privacidade\/#breadcrumb","itemListElement":[{"@type":"ListItem","position":1,"name":"Accueil","item":"https:\/\/transportwiki.com\/es\/"},{"@type":"ListItem","position":2,"name":"Pol\u00edtica de Privacidade"}]},{"@type":"WebSite","@id":"https:\/\/transportwiki.com\/es\/#website","url":"https:\/\/transportwiki.com\/es\/","name":"Transport Wiki","description":"Maps and info","potentialAction":[{"@type":"SearchAction","target":{"@type":"EntryPoint","urlTemplate":"https:\/\/transportwiki.com\/es\/?s={search_term_string}"},"query-input":{"@type":"PropertyValueSpecification","valueRequired":true,"valueName":"search_term_string"}}],"inLanguage":"pt-BR"}]}},"_links":{"self":[{"href":"https:\/\/transportwiki.com\/pt-br\/wp-json\/wp\/v2\/pages\/2660","targetHints":{"allow":["GET"]}}],"collection":[{"href":"https:\/\/transportwiki.com\/pt-br\/wp-json\/wp\/v2\/pages"}],"about":[{"href":"https:\/\/transportwiki.com\/pt-br\/wp-json\/wp\/v2\/types\/page"}],"author":[{"embeddable":true,"href":"https:\/\/transportwiki.com\/pt-br\/wp-json\/wp\/v2\/users\/1"}],"replies":[{"embeddable":true,"href":"https:\/\/transportwiki.com\/pt-br\/wp-json\/wp\/v2\/comments?post=2660"}],"version-history":[{"count":2,"href":"https:\/\/transportwiki.com\/pt-br\/wp-json\/wp\/v2\/pages\/2660\/revisions"}],"predecessor-version":[{"id":2662,"href":"https:\/\/transportwiki.com\/pt-br\/wp-json\/wp\/v2\/pages\/2660\/revisions\/2662"}],"wp:attachment":[{"href":"https:\/\/transportwiki.com\/pt-br\/wp-json\/wp\/v2\/media?parent=2660"}],"curies":[{"name":"wp","href":"https:\/\/api.w.org\/{rel}","templated":true}]}}